{"id":920,"date":"2023-03-23T11:35:38","date_gmt":"2023-03-23T11:35:38","guid":{"rendered":"https:\/\/mjoifjordur.is\/bokadu-nuna\/"},"modified":"2023-05-17T07:34:04","modified_gmt":"2023-05-17T07:34:04","slug":"bokadu-nuna","status":"publish","type":"page","link":"https:\/\/mjoifjordur.is\/is\/bokadu-nuna\/","title":{"rendered":"B\u00f3ka\u00f0u n\u00fana \u2013 Solbrekka guesthouse"},"content":{"rendered":"<style>.elementor-920 .elementor-element.elementor-element-62044ab4 > .elementor-container{max-width:1170px;}.elementor-920 .elementor-element.elementor-element-62044ab4:not(.elementor-motion-effects-element-type-background), .elementor-920 .elementor-element.elementor-element-62044ab4 > .elementor-motion-effects-container > .elementor-motion-effects-layer{background-color:var( --e-global-color-primary );background-image:url(\"https:\/\/mjoifjordur.is\/wp-content\/uploads\/2023\/03\/cafe00005.jpg\");background-position:center center;background-repeat:no-repeat;background-size:cover;}.elementor-920 .elementor-element.elementor-element-62044ab4 > .elementor-background-overlay{background-color:var( --e-global-color-primary );opacity:0.5;transition:background 0.3s, border-radius 0.3s, opacity 0.3s;}.elementor-920 .elementor-element.elementor-element-62044ab4{transition:background 0.3s, border 0.3s, border-radius 0.3s, box-shadow 0.3s;padding:120px 0px 140px 0px;z-index:0;}.elementor-920 .elementor-element.elementor-element-1b2c6b24{text-align:center;}.elementor-920 .elementor-element.elementor-element-1b2c6b24 .elementor-heading-title{font-family:var( --e-global-typography-8faade7-font-family ), Sans-serif;font-size:var( --e-global-typography-8faade7-font-size );font-weight:var( --e-global-typography-8faade7-font-weight );font-style:var( --e-global-typography-8faade7-font-style );text-decoration:var( --e-global-typography-8faade7-text-decoration );line-height:var( --e-global-typography-8faade7-line-height );letter-spacing:var( --e-global-typography-8faade7-letter-spacing );word-spacing:var( --e-global-typography-8faade7-word-spacing );color:var( --e-global-color-e5c8540 );}.elementor-920 .elementor-element.elementor-element-fe3b9be{--display:flex;--margin-top:0px;--margin-bottom:0px;--margin-left:0px;--margin-right:0px;--padding-top:0px;--padding-bottom:0px;--padding-left:0px;--padding-right:0px;}:root{--page-title-display:none;}@media(max-width:1024px){.elementor-920 .elementor-element.elementor-element-62044ab4:not(.elementor-motion-effects-element-type-background), .elementor-920 .elementor-element.elementor-element-62044ab4 > .elementor-motion-effects-container > .elementor-motion-effects-layer{background-position:center center;}.elementor-920 .elementor-element.elementor-element-62044ab4{margin-top:0px;margin-bottom:0px;padding:100px 10px 120px 10px;}.elementor-920 .elementor-element.elementor-element-1b2c6b24 .elementor-heading-title{font-size:var( --e-global-typography-8faade7-font-size );line-height:var( --e-global-typography-8faade7-line-height );letter-spacing:var( --e-global-typography-8faade7-letter-spacing );word-spacing:var( --e-global-typography-8faade7-word-spacing );}}@media(max-width:767px){.elementor-920 .elementor-element.elementor-element-62044ab4{margin-top:0px;margin-bottom:0px;padding:40px 10px 80px 10px;}.elementor-920 .elementor-element.elementor-element-1b2c6b24 .elementor-heading-title{font-size:var( --e-global-typography-8faade7-font-size );line-height:var( --e-global-typography-8faade7-line-height );letter-spacing:var( --e-global-typography-8faade7-letter-spacing );word-spacing:var( --e-global-typography-8faade7-word-spacing );}}<\/style>\t\t<div data-elementor-type=\"wp-page\" data-elementor-id=\"920\" class=\"elementor elementor-920 elementor-616\" data-elementor-post-type=\"page\">\n\t\t\t\t\t\t<section class=\"elementor-section elementor-top-section elementor-element elementor-element-62044ab4 elementor-section-boxed elementor-section-height-default elementor-section-height-default\" data-id=\"62044ab4\" data-element_type=\"section\" data-e-type=\"section\" data-settings=\"{&quot;background_background&quot;:&quot;classic&quot;}\">\n\t\t\t\t\t\t\t<div class=\"elementor-background-overlay\"><\/div>\n\t\t\t\t\t\t\t<div class=\"elementor-container elementor-column-gap-default\">\n\t\t\t\t\t<div class=\"elementor-column elementor-col-100 elementor-top-column elementor-element elementor-element-76d2e8b0\" data-id=\"76d2e8b0\" data-element_type=\"column\" data-e-type=\"column\">\n\t\t\t<div class=\"elementor-widget-wrap elementor-element-populated\">\n\t\t\t\t\t\t<div class=\"elementor-element elementor-element-1b2c6b24 elementor-widget elementor-widget-heading\" data-id=\"1b2c6b24\" data-element_type=\"widget\" data-e-type=\"widget\" data-widget_type=\"heading.default\">\n\t\t\t\t\t<h2 class=\"elementor-heading-title elementor-size-default\">B\u00f3ka\u00f0u n\u00fana<br>Solbrekka guesthouse<\/h2>\t\t\t\t<\/div>\n\t\t\t\t\t<\/div>\n\t\t<\/div>\n\t\t\t\t\t<\/div>\n\t\t<\/section>\n\t\t<div class=\"elementor-element elementor-element-fe3b9be e-con-full e-flex e-con e-parent\" data-id=\"fe3b9be\" data-element_type=\"container\" data-e-type=\"container\">\n\t\t\t\t<div class=\"elementor-element elementor-element-182c574 elementor-widget elementor-widget-html\" data-id=\"182c574\" data-element_type=\"widget\" data-e-type=\"widget\" data-widget_type=\"html.default\">\n\t\t\t\t\t<iframe src =\"https:\/\/property.godo.is\/booking2.php?propid=65551&referer=iframe\" width=\"800\" height=\"1500\" style=\"max-width:100%;border:none;overflow:auto;\"><p><a href=\"https:\/\/property.godo.is\/booking2.php?propid=65551&referer=iframe\" title=\"B\u00f3ka\u00f0u n\u00fana\">B\u00f3ka\u00f0u n\u00fana<\/a><\/p><\/iframe>\t\t\t\t<\/div>\n\t\t\t\t<\/div>\n\t\t\t\t<\/div>\n\t\t","protected":false},"excerpt":{"rendered":"<p>B\u00f3ka\u00f0u n\u00fanaSolbrekka guesthouse B\u00f3ka\u00f0u n\u00fana<\/p>\n","protected":false},"author":1,"featured_media":0,"parent":0,"menu_order":0,"comment_status":"closed","ping_status":"closed","template":"","meta":{"footnotes":""},"class_list":["post-920","page","type-page","status-publish","hentry"],"_links":{"self":[{"href":"https:\/\/mjoifjordur.is\/is\/wp-json\/wp\/v2\/pages\/920","targetHints":{"allow":["GET"]}}],"collection":[{"href":"https:\/\/mjoifjordur.is\/is\/wp-json\/wp\/v2\/pages"}],"about":[{"href":"https:\/\/mjoifjordur.is\/is\/wp-json\/wp\/v2\/types\/page"}],"author":[{"embeddable":true,"href":"https:\/\/mjoifjordur.is\/is\/wp-json\/wp\/v2\/users\/1"}],"replies":[{"embeddable":true,"href":"https:\/\/mjoifjordur.is\/is\/wp-json\/wp\/v2\/comments?post=920"}],"version-history":[{"count":6,"href":"https:\/\/mjoifjordur.is\/is\/wp-json\/wp\/v2\/pages\/920\/revisions"}],"predecessor-version":[{"id":1036,"href":"https:\/\/mjoifjordur.is\/is\/wp-json\/wp\/v2\/pages\/920\/revisions\/1036"}],"wp:attachment":[{"href":"https:\/\/mjoifjordur.is\/is\/wp-json\/wp\/v2\/media?parent=920"}],"curies":[{"name":"wp","href":"https:\/\/api.w.org\/{rel}","templated":true}]}}