{"id":916,"date":"2023-05-09T07:14:19","date_gmt":"2023-05-09T07:14:19","guid":{"rendered":"https:\/\/mjoifjordur.is\/um-okkur-2\/"},"modified":"2023-05-09T14:03:41","modified_gmt":"2023-05-09T14:03:41","slug":"um-okkur-2","status":"publish","type":"page","link":"https:\/\/mjoifjordur.is\/is\/um-okkur-2\/","title":{"rendered":"Um okkur"},"content":{"rendered":"<style>.elementor-916 .elementor-element.elementor-element-24246353 > .elementor-container{max-width:1170px;}.elementor-916 .elementor-element.elementor-element-24246353:not(.elementor-motion-effects-element-type-background), .elementor-916 .elementor-element.elementor-element-24246353 > .elementor-motion-effects-container > .elementor-motion-effects-layer{background-color:var( --e-global-color-primary );}.elementor-916 .elementor-element.elementor-element-24246353 > .elementor-background-overlay{background-image:url(\"https:\/\/mjoifjordur.is\/wp-content\/uploads\/2023\/03\/land-transport00003.jpg\");background-position:center center;background-size:cover;opacity:0.7;transition:background 0.3s, border-radius 0.3s, opacity 0.3s;}.elementor-916 .elementor-element.elementor-element-24246353{transition:background 0.3s, border 0.3s, border-radius 0.3s, box-shadow 0.3s;padding:120px 0px 140px 0px;z-index:0;}.elementor-916 .elementor-element.elementor-element-517dab96{text-align:center;}.elementor-916 .elementor-element.elementor-element-517dab96 .elementor-heading-title{font-family:var( --e-global-typography-8faade7-font-family ), Sans-serif;font-size:var( --e-global-typography-8faade7-font-size );font-weight:var( --e-global-typography-8faade7-font-weight );font-style:var( --e-global-typography-8faade7-font-style );text-decoration:var( --e-global-typography-8faade7-text-decoration );line-height:var( --e-global-typography-8faade7-line-height );letter-spacing:var( --e-global-typography-8faade7-letter-spacing );word-spacing:var( --e-global-typography-8faade7-word-spacing );color:var( --e-global-color-e5c8540 );}.elementor-916 .elementor-element.elementor-element-a824527 > .elementor-container{max-width:1200px;}.elementor-916 .elementor-element.elementor-element-a824527 > .elementor-container > .elementor-column > .elementor-widget-wrap{align-content:flex-start;align-items:flex-start;}.elementor-916 .elementor-element.elementor-element-a824527{transition:background 0.3s, border 0.3s, border-radius 0.3s, box-shadow 0.3s;padding:120px 0px 80px 0px;}.elementor-916 .elementor-element.elementor-element-a824527 > .elementor-background-overlay{transition:background 0.3s, border-radius 0.3s, opacity 0.3s;}.elementor-916 .elementor-element.elementor-element-2f168d97 > .elementor-element-populated{padding:10px 10px 0px 10px;}.elementor-916 .elementor-element.elementor-element-3623aec8{text-align:center;}.elementor-916 .elementor-element.elementor-element-3623aec8 .elementor-heading-title{font-family:var( --e-global-typography-997f697-font-family ), Sans-serif;font-size:var( --e-global-typography-997f697-font-size );font-weight:var( --e-global-typography-997f697-font-weight );font-style:var( --e-global-typography-997f697-font-style );text-decoration:var( --e-global-typography-997f697-text-decoration );line-height:var( --e-global-typography-997f697-line-height );letter-spacing:var( --e-global-typography-997f697-letter-spacing );word-spacing:var( --e-global-typography-997f697-word-spacing );color:var( --e-global-color-accent );}.elementor-916 .elementor-element.elementor-element-ebcc189 > .elementor-element-populated{margin:0px 0px 0px 40px;--e-column-margin-right:0px;--e-column-margin-left:40px;}.elementor-916 .elementor-element.elementor-element-7706e26c{font-family:var( --e-global-typography-text-font-family ), Sans-serif;font-size:var( --e-global-typography-text-font-size );font-weight:var( --e-global-typography-text-font-weight );text-transform:var( --e-global-typography-text-text-transform );font-style:var( --e-global-typography-text-font-style );text-decoration:var( --e-global-typography-text-text-decoration );line-height:var( --e-global-typography-text-line-height );letter-spacing:var( --e-global-typography-text-letter-spacing );color:var( --e-global-color-text );}:root{--page-title-display:none;}@media(max-width:1024px){.elementor-916 .elementor-element.elementor-element-24246353{margin-top:0px;margin-bottom:0px;padding:100px 10px 120px 10px;}.elementor-916 .elementor-element.elementor-element-517dab96 .elementor-heading-title{font-size:var( --e-global-typography-8faade7-font-size );line-height:var( --e-global-typography-8faade7-line-height );letter-spacing:var( --e-global-typography-8faade7-letter-spacing );word-spacing:var( --e-global-typography-8faade7-word-spacing );}.elementor-916 .elementor-element.elementor-element-a824527{padding:60px 20px 60px 20px;}.elementor-916 .elementor-element.elementor-element-3623aec8 .elementor-heading-title{font-size:var( --e-global-typography-997f697-font-size );line-height:var( --e-global-typography-997f697-line-height );letter-spacing:var( --e-global-typography-997f697-letter-spacing );word-spacing:var( --e-global-typography-997f697-word-spacing );}.elementor-916 .elementor-element.elementor-element-ebcc189 > .elementor-element-populated{margin:40px 0px 0px 0px;--e-column-margin-right:0px;--e-column-margin-left:0px;}.elementor-916 .elementor-element.elementor-element-7706e26c{font-size:var( --e-global-typography-text-font-size );line-height:var( --e-global-typography-text-line-height );letter-spacing:var( --e-global-typography-text-letter-spacing );}}@media(max-width:767px){.elementor-916 .elementor-element.elementor-element-24246353{margin-top:0px;margin-bottom:0px;padding:40px 10px 80px 10px;}.elementor-916 .elementor-element.elementor-element-517dab96 .elementor-heading-title{font-size:var( --e-global-typography-8faade7-font-size );line-height:var( --e-global-typography-8faade7-line-height );letter-spacing:var( --e-global-typography-8faade7-letter-spacing );word-spacing:var( --e-global-typography-8faade7-word-spacing );}.elementor-916 .elementor-element.elementor-element-a824527{padding:40px 20px 20px 20px;}.elementor-916 .elementor-element.elementor-element-2f168d97 > .elementor-element-populated{padding:0px 0px 0px 0px;}.elementor-916 .elementor-element.elementor-element-3623aec8 .elementor-heading-title{font-size:var( --e-global-typography-997f697-font-size );line-height:var( --e-global-typography-997f697-line-height );letter-spacing:var( --e-global-typography-997f697-letter-spacing );word-spacing:var( --e-global-typography-997f697-word-spacing );}.elementor-916 .elementor-element.elementor-element-ebcc189 > .elementor-element-populated{margin:20px 0px 0px 0px;--e-column-margin-right:0px;--e-column-margin-left:0px;padding:0px 0px 0px 0px;}.elementor-916 .elementor-element.elementor-element-7706e26c{font-size:var( --e-global-typography-text-font-size );line-height:var( --e-global-typography-text-line-height );letter-spacing:var( --e-global-typography-text-letter-spacing );}}@media(min-width:768px){.elementor-916 .elementor-element.elementor-element-2f168d97{width:51.583%;}.elementor-916 .elementor-element.elementor-element-ebcc189{width:48.417%;}}@media(max-width:1024px) and (min-width:768px){.elementor-916 .elementor-element.elementor-element-2f168d97{width:100%;}.elementor-916 .elementor-element.elementor-element-ebcc189{width:100%;}}<\/style>\t\t<div data-elementor-type=\"wp-page\" data-elementor-id=\"916\" class=\"elementor elementor-916 elementor-809\" data-elementor-post-type=\"page\">\n\t\t\t\t\t\t<section class=\"elementor-section elementor-top-section elementor-element elementor-element-24246353 elementor-section-boxed elementor-section-height-default elementor-section-height-default\" data-id=\"24246353\" data-element_type=\"section\" data-e-type=\"section\" data-settings=\"{&quot;background_background&quot;:&quot;classic&quot;}\">\n\t\t\t\t\t\t\t<div class=\"elementor-background-overlay\"><\/div>\n\t\t\t\t\t\t\t<div class=\"elementor-container elementor-column-gap-default\">\n\t\t\t\t\t<div class=\"elementor-column elementor-col-100 elementor-top-column elementor-element elementor-element-3496ac1\" data-id=\"3496ac1\" data-element_type=\"column\" data-e-type=\"column\">\n\t\t\t<div class=\"elementor-widget-wrap elementor-element-populated\">\n\t\t\t\t\t\t\t<\/div>\n\t\t<\/div>\n\t\t\t\t\t<\/div>\n\t\t<\/section>\n\t\t\t\t<section class=\"elementor-section elementor-top-section elementor-element elementor-element-a824527 elementor-section-content-top elementor-section-boxed elementor-section-height-default elementor-section-height-default\" data-id=\"a824527\" data-element_type=\"section\" data-e-type=\"section\" data-settings=\"{&quot;background_background&quot;:&quot;classic&quot;}\">\n\t\t\t\t\t\t<div class=\"elementor-container elementor-column-gap-default\">\n\t\t\t\t\t<div class=\"elementor-column elementor-col-50 elementor-top-column elementor-element elementor-element-2f168d97\" data-id=\"2f168d97\" data-element_type=\"column\" data-e-type=\"column\">\n\t\t\t<div class=\"elementor-widget-wrap elementor-element-populated\">\n\t\t\t\t\t\t<div class=\"elementor-element elementor-element-8a2362c elementor-widget elementor-widget-image\" data-id=\"8a2362c\" data-element_type=\"widget\" data-e-type=\"widget\" data-widget_type=\"image.default\">\n\t\t\t\t\t\t\t\t\t\t\t\t\t\t\t<img fetchpriority=\"high\" decoding=\"async\" width=\"293\" height=\"406\" src=\"https:\/\/mjoifjordur.is\/wp-content\/uploads\/2023\/05\/margret.jpg\" class=\"attachment-large size-large wp-image-815\" alt=\"\" srcset=\"https:\/\/mjoifjordur.is\/wp-content\/uploads\/2023\/05\/margret.jpg 293w, https:\/\/mjoifjordur.is\/wp-content\/uploads\/2023\/05\/margret-217x300.jpg 217w\" sizes=\"(max-width: 293px) 100vw, 293px\" \/>\t\t\t\t\t\t\t\t\t\t\t\t\t\t\t<\/div>\n\t\t\t\t<div class=\"elementor-element elementor-element-3623aec8 elementor-invisible elementor-widget elementor-widget-heading\" data-id=\"3623aec8\" data-element_type=\"widget\" data-e-type=\"widget\" data-settings=\"{&quot;_animation&quot;:&quot;fadeInLeft&quot;}\" data-widget_type=\"heading.default\">\n\t\t\t\t\t<h5 class=\"elementor-heading-title elementor-size-default\">Margr\u00e9t<\/h5>\t\t\t\t<\/div>\n\t\t\t\t\t<\/div>\n\t\t<\/div>\n\t\t\t\t<div class=\"elementor-column elementor-col-50 elementor-top-column elementor-element elementor-element-ebcc189\" data-id=\"ebcc189\" data-element_type=\"column\" data-e-type=\"column\">\n\t\t\t<div class=\"elementor-widget-wrap elementor-element-populated\">\n\t\t\t\t\t\t<div class=\"elementor-element elementor-element-7706e26c elementor-invisible elementor-widget elementor-widget-text-editor\" data-id=\"7706e26c\" data-element_type=\"widget\" data-e-type=\"widget\" data-settings=\"{&quot;_animation_delay&quot;:200,&quot;_animation&quot;:&quot;fadeInRight&quot;}\" data-widget_type=\"text-editor.default\">\n\t\t\t\t\t\t\t\t\t<p>Margr\u00e9t er pers\u00f3nan \u00e1 bak vi\u00f0 fer\u00f0a\u00fej\u00f3nustuna \u00ed Mj\u00f3afir\u00f0i. H\u00fan hefur starfa\u00f0 \u00fear meira og minna fr\u00e1 \u00fev\u00ed h\u00fan var 14 \u00e1ra. M\u00f3\u00f0ir hennar, J\u00f3hanna, stofna\u00f0i fyrirt\u00e6ki\u00f0 \u00e1ri\u00f0 1985 og Margr\u00e9t t\u00f3k vi\u00f0 rekstrinum \u00e1ri\u00f0 2020.<\/p>\n<p>Margr\u00e9t er leik-og grunnsk\u00f3lakennara menntu\u00f0 auk \u00feess sem h\u00fan er fer\u00f0am\u00e1lafr\u00e6\u00f0ingur.<\/p>\n<p>H\u00fan veit ekkert betra en a\u00f0 dvelja \u00ed Mj\u00f3afir\u00f0i me\u00f0 fj\u00f6lskyldunni sinni \u00e1samt hundinum Tobba og kettinum Gretti, umvafin h\u00e1um fjallg\u00f6r\u00f0um og endalausri n\u00e1tt\u00farufegur\u00f0.<\/p>\n<p>Margr\u00e9t leggur sig alla fram vi\u00f0 a\u00f0 upplifun gestanna ver\u00f0i eins g\u00f3\u00f0 og m\u00f6gulegt er, \u00feegar \u00feeir heims\u00e6kja fj\u00f6r\u00f0inn fagra. \u201eEf gestirnir m\u00ednir upplifa kyrr\u00f0, afsl\u00f6ppun og endurn\u00e6ringu l\u00edkama og s\u00e1lar eftir dv\u00f6l s\u00edna \u00fe\u00e1 er takmarki m\u00ednu n\u00e1\u00f0,\u201d segir Margr\u00e9t.<\/p>\n<p>Einkunnaror\u00f0 fer\u00f0a\u00fej\u00f3nustunnar \u00ed Mj\u00f3afir\u00f0i eru: Fri\u00f0s\u00e6ld og fegur\u00f0.<\/p>\n\t\t\t\t\t\t\t\t<\/div>\n\t\t\t\t\t<\/div>\n\t\t<\/div>\n\t\t\t\t\t<\/div>\n\t\t<\/section>\n\t\t\t\t<\/div>\n\t\t","protected":false},"excerpt":{"rendered":"<p>Margr\u00e9t Margr\u00e9t er pers\u00f3nan \u00e1 bak vi\u00f0 fer\u00f0a\u00fej\u00f3nustuna \u00ed Mj\u00f3afir\u00f0i. H\u00fan hefur starfa\u00f0 \u00fear meira og minna fr\u00e1 \u00fev\u00ed h\u00fan var 14 \u00e1ra. M\u00f3\u00f0ir hennar, J\u00f3hanna, stofna\u00f0i fyrirt\u00e6ki\u00f0 \u00e1ri\u00f0 1985 og Margr\u00e9t t\u00f3k vi\u00f0 rekstrinum \u00e1ri\u00f0 2020. Margr\u00e9t er leik-og grunnsk\u00f3lakennara menntu\u00f0 auk \u00feess sem h\u00fan er fer\u00f0am\u00e1lafr\u00e6\u00f0ingur. H\u00fan veit ekkert betra en a\u00f0 dvelja [&hellip;]<\/p>\n","protected":false},"author":1,"featured_media":0,"parent":0,"menu_order":0,"comment_status":"closed","ping_status":"closed","template":"","meta":{"footnotes":""},"class_list":["post-916","page","type-page","status-publish","hentry"],"_links":{"self":[{"href":"https:\/\/mjoifjordur.is\/is\/wp-json\/wp\/v2\/pages\/916","targetHints":{"allow":["GET"]}}],"collection":[{"href":"https:\/\/mjoifjordur.is\/is\/wp-json\/wp\/v2\/pages"}],"about":[{"href":"https:\/\/mjoifjordur.is\/is\/wp-json\/wp\/v2\/types\/page"}],"author":[{"embeddable":true,"href":"https:\/\/mjoifjordur.is\/is\/wp-json\/wp\/v2\/users\/1"}],"replies":[{"embeddable":true,"href":"https:\/\/mjoifjordur.is\/is\/wp-json\/wp\/v2\/comments?post=916"}],"version-history":[{"count":2,"href":"https:\/\/mjoifjordur.is\/is\/wp-json\/wp\/v2\/pages\/916\/revisions"}],"predecessor-version":[{"id":918,"href":"https:\/\/mjoifjordur.is\/is\/wp-json\/wp\/v2\/pages\/916\/revisions\/918"}],"wp:attachment":[{"href":"https:\/\/mjoifjordur.is\/is\/wp-json\/wp\/v2\/media?parent=916"}],"curies":[{"name":"wp","href":"https:\/\/api.w.org\/{rel}","templated":true}]}}