{"id":855,"date":"2023-05-09T12:04:07","date_gmt":"2023-05-09T12:04:07","guid":{"rendered":"https:\/\/mjoifjordur.is\/afthreying\/"},"modified":"2023-05-09T12:05:36","modified_gmt":"2023-05-09T12:05:36","slug":"afthreying","status":"publish","type":"page","link":"https:\/\/mjoifjordur.is\/is\/afthreying\/","title":{"rendered":"Af\u00fereying"},"content":{"rendered":"<style>.elementor-855 .elementor-element.elementor-element-7f93caf6 > .elementor-container{max-width:1170px;}.elementor-855 .elementor-element.elementor-element-7f93caf6:not(.elementor-motion-effects-element-type-background), .elementor-855 .elementor-element.elementor-element-7f93caf6 > .elementor-motion-effects-container > .elementor-motion-effects-layer{background-color:var( --e-global-color-primary );}.elementor-855 .elementor-element.elementor-element-7f93caf6 > .elementor-background-overlay{background-image:url(\"https:\/\/mjoifjordur.is\/wp-content\/uploads\/2023\/03\/land-transport00003.jpg\");background-position:center center;background-size:cover;opacity:0.7;transition:background 0.3s, border-radius 0.3s, opacity 0.3s;}.elementor-855 .elementor-element.elementor-element-7f93caf6{transition:background 0.3s, border 0.3s, border-radius 0.3s, box-shadow 0.3s;padding:120px 0px 140px 0px;z-index:0;}.elementor-855 .elementor-element.elementor-element-241d2f33{text-align:center;}.elementor-855 .elementor-element.elementor-element-241d2f33 .elementor-heading-title{font-family:var( --e-global-typography-8faade7-font-family ), Sans-serif;font-size:var( --e-global-typography-8faade7-font-size );font-weight:var( --e-global-typography-8faade7-font-weight );font-style:var( --e-global-typography-8faade7-font-style );text-decoration:var( --e-global-typography-8faade7-text-decoration );line-height:var( --e-global-typography-8faade7-line-height );letter-spacing:var( --e-global-typography-8faade7-letter-spacing );word-spacing:var( --e-global-typography-8faade7-word-spacing );color:var( --e-global-color-e5c8540 );}.elementor-855 .elementor-element.elementor-element-6216537e > .elementor-container{max-width:1200px;}.elementor-855 .elementor-element.elementor-element-6216537e > .elementor-container > .elementor-column > .elementor-widget-wrap{align-content:flex-start;align-items:flex-start;}.elementor-855 .elementor-element.elementor-element-6216537e{transition:background 0.3s, border 0.3s, border-radius 0.3s, box-shadow 0.3s;padding:120px 0px 80px 0px;}.elementor-855 .elementor-element.elementor-element-6216537e > .elementor-background-overlay{transition:background 0.3s, border-radius 0.3s, opacity 0.3s;}.elementor-855 .elementor-element.elementor-element-71f8676c > .elementor-element-populated{padding:10px 10px 0px 10px;}.elementor-855 .elementor-element.elementor-element-daaf4ab img{width:100%;}.elementor-855 .elementor-element.elementor-element-252a9756 > .elementor-element-populated{margin:0px 0px 0px 40px;--e-column-margin-right:0px;--e-column-margin-left:40px;}.elementor-855 .elementor-element.elementor-element-4b0424dd{font-family:var( --e-global-typography-text-font-family ), Sans-serif;font-size:var( --e-global-typography-text-font-size );font-weight:var( --e-global-typography-text-font-weight );text-transform:var( --e-global-typography-text-text-transform );font-style:var( --e-global-typography-text-font-style );text-decoration:var( --e-global-typography-text-text-decoration );line-height:var( --e-global-typography-text-line-height );letter-spacing:var( --e-global-typography-text-letter-spacing );color:var( --e-global-color-text );}:root{--page-title-display:none;}@media(max-width:1024px){.elementor-855 .elementor-element.elementor-element-7f93caf6{margin-top:0px;margin-bottom:0px;padding:100px 10px 120px 10px;}.elementor-855 .elementor-element.elementor-element-241d2f33 .elementor-heading-title{font-size:var( --e-global-typography-8faade7-font-size );line-height:var( --e-global-typography-8faade7-line-height );letter-spacing:var( --e-global-typography-8faade7-letter-spacing );word-spacing:var( --e-global-typography-8faade7-word-spacing );}.elementor-855 .elementor-element.elementor-element-6216537e{padding:60px 20px 60px 20px;}.elementor-855 .elementor-element.elementor-element-252a9756 > .elementor-element-populated{margin:40px 0px 0px 0px;--e-column-margin-right:0px;--e-column-margin-left:0px;}.elementor-855 .elementor-element.elementor-element-4b0424dd{font-size:var( --e-global-typography-text-font-size );line-height:var( --e-global-typography-text-line-height );letter-spacing:var( --e-global-typography-text-letter-spacing );}}@media(max-width:767px){.elementor-855 .elementor-element.elementor-element-7f93caf6{margin-top:0px;margin-bottom:0px;padding:40px 10px 80px 10px;}.elementor-855 .elementor-element.elementor-element-241d2f33 .elementor-heading-title{font-size:var( --e-global-typography-8faade7-font-size );line-height:var( --e-global-typography-8faade7-line-height );letter-spacing:var( --e-global-typography-8faade7-letter-spacing );word-spacing:var( --e-global-typography-8faade7-word-spacing );}.elementor-855 .elementor-element.elementor-element-6216537e{padding:40px 20px 20px 20px;}.elementor-855 .elementor-element.elementor-element-71f8676c > .elementor-element-populated{padding:0px 0px 0px 0px;}.elementor-855 .elementor-element.elementor-element-daaf4ab{margin:20px 0px calc(var(--kit-widget-spacing, 0px) + 0px) 0px;}.elementor-855 .elementor-element.elementor-element-252a9756 > .elementor-element-populated{margin:20px 0px 0px 0px;--e-column-margin-right:0px;--e-column-margin-left:0px;padding:0px 0px 0px 0px;}.elementor-855 .elementor-element.elementor-element-4b0424dd{font-size:var( --e-global-typography-text-font-size );line-height:var( --e-global-typography-text-line-height );letter-spacing:var( --e-global-typography-text-letter-spacing );}}@media(min-width:768px){.elementor-855 .elementor-element.elementor-element-71f8676c{width:51.583%;}.elementor-855 .elementor-element.elementor-element-252a9756{width:48.417%;}}@media(max-width:1024px) and (min-width:768px){.elementor-855 .elementor-element.elementor-element-71f8676c{width:100%;}.elementor-855 .elementor-element.elementor-element-252a9756{width:100%;}}<\/style>\t\t<div data-elementor-type=\"wp-page\" data-elementor-id=\"855\" class=\"elementor elementor-855 elementor-850\" data-elementor-post-type=\"page\">\n\t\t\t\t\t\t<section class=\"elementor-section elementor-top-section elementor-element elementor-element-7f93caf6 elementor-section-boxed elementor-section-height-default elementor-section-height-default\" data-id=\"7f93caf6\" data-element_type=\"section\" data-e-type=\"section\" data-settings=\"{&quot;background_background&quot;:&quot;classic&quot;}\">\n\t\t\t\t\t\t\t<div class=\"elementor-background-overlay\"><\/div>\n\t\t\t\t\t\t\t<div class=\"elementor-container elementor-column-gap-default\">\n\t\t\t\t\t<div class=\"elementor-column elementor-col-100 elementor-top-column elementor-element elementor-element-2f27f64\" data-id=\"2f27f64\" data-element_type=\"column\" data-e-type=\"column\">\n\t\t\t<div class=\"elementor-widget-wrap elementor-element-populated\">\n\t\t\t\t\t\t\t<\/div>\n\t\t<\/div>\n\t\t\t\t\t<\/div>\n\t\t<\/section>\n\t\t\t\t<section class=\"elementor-section elementor-top-section elementor-element elementor-element-6216537e elementor-section-content-top elementor-section-boxed elementor-section-height-default elementor-section-height-default\" data-id=\"6216537e\" data-element_type=\"section\" data-e-type=\"section\" data-settings=\"{&quot;background_background&quot;:&quot;classic&quot;}\">\n\t\t\t\t\t\t<div class=\"elementor-container elementor-column-gap-default\">\n\t\t\t\t\t<div class=\"elementor-column elementor-col-50 elementor-top-column elementor-element elementor-element-71f8676c\" data-id=\"71f8676c\" data-element_type=\"column\" data-e-type=\"column\">\n\t\t\t<div class=\"elementor-widget-wrap elementor-element-populated\">\n\t\t\t\t\t\t<div class=\"elementor-element elementor-element-daaf4ab elementor-widget elementor-widget-image\" data-id=\"daaf4ab\" data-element_type=\"widget\" data-e-type=\"widget\" data-widget_type=\"image.default\">\n\t\t\t\t\t\t\t\t\t\t\t\t\t\t\t<img fetchpriority=\"high\" decoding=\"async\" width=\"2560\" height=\"1920\" src=\"https:\/\/mjoifjordur.is\/wp-content\/uploads\/2023\/01\/DJI_0371-2.jpg\" class=\"attachment-full size-full wp-image-340\" alt=\"\" srcset=\"https:\/\/mjoifjordur.is\/wp-content\/uploads\/2023\/01\/DJI_0371-2.jpg 2560w, https:\/\/mjoifjordur.is\/wp-content\/uploads\/2023\/01\/DJI_0371-2-300x225.jpg 300w, https:\/\/mjoifjordur.is\/wp-content\/uploads\/2023\/01\/DJI_0371-2-1024x768.jpg 1024w, https:\/\/mjoifjordur.is\/wp-content\/uploads\/2023\/01\/DJI_0371-2-768x576.jpg 768w, https:\/\/mjoifjordur.is\/wp-content\/uploads\/2023\/01\/DJI_0371-2-1536x1152.jpg 1536w, https:\/\/mjoifjordur.is\/wp-content\/uploads\/2023\/01\/DJI_0371-2-2048x1536.jpg 2048w\" sizes=\"(max-width: 2560px) 100vw, 2560px\" \/>\t\t\t\t\t\t\t\t\t\t\t\t\t\t\t<\/div>\n\t\t\t\t\t<\/div>\n\t\t<\/div>\n\t\t\t\t<div class=\"elementor-column elementor-col-50 elementor-top-column elementor-element elementor-element-252a9756\" data-id=\"252a9756\" data-element_type=\"column\" data-e-type=\"column\">\n\t\t\t<div class=\"elementor-widget-wrap elementor-element-populated\">\n\t\t\t\t\t\t<div class=\"elementor-element elementor-element-4b0424dd elementor-invisible elementor-widget elementor-widget-text-editor\" data-id=\"4b0424dd\" data-element_type=\"widget\" data-e-type=\"widget\" data-settings=\"{&quot;_animation_delay&quot;:200,&quot;_animation&quot;:&quot;fadeInRight&quot;}\" data-widget_type=\"text-editor.default\">\n\t\t\t\t\t\t\t\t\t<p>Margar skemmti\u00adlegar g\u00f6ngu\u00adlei\u00f0ir liggja um sv\u00e6\u00f0i\u00f0 og sumar eru stik\u00ada\u00f0ar. H\u00e6gt er a\u00f0 kaupa g\u00f6ngukort \u00ed kaffis\u00f6lunni \u00ed S\u00f3lbrekku.<\/p>\n<p>Einnig er bo\u00f0i\u00f0 er upp \u00e1 rei\u00f0hj\u00f3laleigu \u00ed S\u00f3lbrekku og h\u00e6gt a\u00f0 leigja rei\u00f0hj\u00f3l heilan dag e\u00f0a hluta \u00far degi. D\u00e6mi um \u00e1skorandi og skemmtilega hj\u00f3lalei\u00f0 er lei\u00f0in \u00fat a\u00f0 Dalatanga.<\/p>\n<p>Kirkjan \u00ed Brekku\u00feorpi er falleg og gaman a\u00f0 sko\u00f0a hana.<\/p>\n<p>Ungir sem aldnir hafa gaman af a\u00f0 ganga um \u00ed fj\u00f6runni og t\u00fdna steina og skeljar. \u00cd Mj\u00f3afir\u00f0i er h\u00e6gt a\u00f0 finna sandfj\u00f6rur og sm\u00e1gr\u00fdttari fj\u00f6rur \u00fear sem hentugt er a\u00f0 skella s\u00e9r \u00ed sj\u00f3sund e\u00f0a busla \u00e1 heitum sumardegi.<\/p>\n<p>\u00cd fir\u00f0inum eru einnig margir fallegir fossar og gott berjaland svo ekki s\u00e9 minnst \u00e1 fornar minjar fr\u00e1 fyrri t\u00ed\u00f0 sem leynast v\u00ed\u00f0a \u00feegar eki\u00f0 er eftir str\u00f6ndinni.<\/p>\n\t\t\t\t\t\t\t\t<\/div>\n\t\t\t\t\t<\/div>\n\t\t<\/div>\n\t\t\t\t\t<\/div>\n\t\t<\/section>\n\t\t\t\t<\/div>\n\t\t","protected":false},"excerpt":{"rendered":"<p>Margar skemmti\u00adlegar g\u00f6ngu\u00adlei\u00f0ir liggja um sv\u00e6\u00f0i\u00f0 og sumar eru stik\u00ada\u00f0ar. H\u00e6gt er a\u00f0 kaupa g\u00f6ngukort \u00ed kaffis\u00f6lunni \u00ed S\u00f3lbrekku. Einnig er bo\u00f0i\u00f0 er upp \u00e1 rei\u00f0hj\u00f3laleigu \u00ed S\u00f3lbrekku og h\u00e6gt a\u00f0 leigja rei\u00f0hj\u00f3l heilan dag e\u00f0a hluta \u00far degi. D\u00e6mi um \u00e1skorandi og skemmtilega hj\u00f3lalei\u00f0 er lei\u00f0in \u00fat a\u00f0 Dalatanga. Kirkjan \u00ed Brekku\u00feorpi er falleg [&hellip;]<\/p>\n","protected":false},"author":1,"featured_media":0,"parent":0,"menu_order":0,"comment_status":"closed","ping_status":"closed","template":"","meta":{"footnotes":""},"class_list":["post-855","page","type-page","status-publish","hentry"],"_links":{"self":[{"href":"https:\/\/mjoifjordur.is\/is\/wp-json\/wp\/v2\/pages\/855","targetHints":{"allow":["GET"]}}],"collection":[{"href":"https:\/\/mjoifjordur.is\/is\/wp-json\/wp\/v2\/pages"}],"about":[{"href":"https:\/\/mjoifjordur.is\/is\/wp-json\/wp\/v2\/types\/page"}],"author":[{"embeddable":true,"href":"https:\/\/mjoifjordur.is\/is\/wp-json\/wp\/v2\/users\/1"}],"replies":[{"embeddable":true,"href":"https:\/\/mjoifjordur.is\/is\/wp-json\/wp\/v2\/comments?post=855"}],"version-history":[{"count":1,"href":"https:\/\/mjoifjordur.is\/is\/wp-json\/wp\/v2\/pages\/855\/revisions"}],"predecessor-version":[{"id":856,"href":"https:\/\/mjoifjordur.is\/is\/wp-json\/wp\/v2\/pages\/855\/revisions\/856"}],"wp:attachment":[{"href":"https:\/\/mjoifjordur.is\/is\/wp-json\/wp\/v2\/media?parent=855"}],"curies":[{"name":"wp","href":"https:\/\/api.w.org\/{rel}","templated":true}]}}