{"id":594,"date":"2023-03-22T21:22:16","date_gmt":"2023-03-22T21:22:16","guid":{"rendered":"https:\/\/mjoifjordur.is\/stadsetning\/"},"modified":"2023-05-09T07:34:40","modified_gmt":"2023-05-09T07:34:40","slug":"stadsetning","status":"publish","type":"page","link":"https:\/\/mjoifjordur.is\/is\/stadsetning\/","title":{"rendered":"Sta\u00f0setning"},"content":{"rendered":"<style>.elementor-594 .elementor-element.elementor-element-3867d99c > .elementor-container{max-width:1170px;}.elementor-594 .elementor-element.elementor-element-3867d99c:not(.elementor-motion-effects-element-type-background), .elementor-594 .elementor-element.elementor-element-3867d99c > .elementor-motion-effects-container > .elementor-motion-effects-layer{background-color:var( --e-global-color-primary );background-image:url(\"https:\/\/mjoifjordur.is\/wp-content\/uploads\/2023\/01\/footer.jpg\");background-position:center center;background-repeat:no-repeat;background-size:cover;}.elementor-594 .elementor-element.elementor-element-3867d99c > .elementor-background-overlay{background-color:var( --e-global-color-primary );opacity:0.5;transition:background 0.3s, border-radius 0.3s, opacity 0.3s;}.elementor-594 .elementor-element.elementor-element-3867d99c{transition:background 0.3s, border 0.3s, border-radius 0.3s, box-shadow 0.3s;padding:120px 0px 140px 0px;z-index:0;}.elementor-594 .elementor-element.elementor-element-7f9b622f{text-align:center;}.elementor-594 .elementor-element.elementor-element-7f9b622f .elementor-heading-title{font-family:var( --e-global-typography-8faade7-font-family ), Sans-serif;font-size:var( --e-global-typography-8faade7-font-size );font-weight:var( --e-global-typography-8faade7-font-weight );font-style:var( --e-global-typography-8faade7-font-style );text-decoration:var( --e-global-typography-8faade7-text-decoration );line-height:var( --e-global-typography-8faade7-line-height );letter-spacing:var( --e-global-typography-8faade7-letter-spacing );word-spacing:var( --e-global-typography-8faade7-word-spacing );color:var( --e-global-color-e5c8540 );}.elementor-594 .elementor-element.elementor-element-39205acc > .elementor-container{max-width:1200px;}.elementor-594 .elementor-element.elementor-element-39205acc > .elementor-container > .elementor-column > .elementor-widget-wrap{align-content:flex-start;align-items:flex-start;}.elementor-594 .elementor-element.elementor-element-39205acc{transition:background 0.3s, border 0.3s, border-radius 0.3s, box-shadow 0.3s;padding:120px 0px 80px 0px;}.elementor-594 .elementor-element.elementor-element-39205acc > .elementor-background-overlay{transition:background 0.3s, border-radius 0.3s, opacity 0.3s;}.elementor-594 .elementor-element.elementor-element-1060c0b8 > .elementor-element-populated{margin:0px 0px 0px 40px;--e-column-margin-right:0px;--e-column-margin-left:40px;}.elementor-594 .elementor-element.elementor-element-d7aa056{font-family:var( --e-global-typography-text-font-family ), Sans-serif;font-size:var( --e-global-typography-text-font-size );font-weight:var( --e-global-typography-text-font-weight );text-transform:var( --e-global-typography-text-text-transform );font-style:var( --e-global-typography-text-font-style );text-decoration:var( --e-global-typography-text-text-decoration );line-height:var( --e-global-typography-text-line-height );letter-spacing:var( --e-global-typography-text-letter-spacing );color:var( --e-global-color-text );}.elementor-594 .elementor-element.elementor-element-9557dbf iframe{height:600px;}.elementor-594 .elementor-element.elementor-element-9557dbf{margin:-10px -10px calc(var(--kit-widget-spacing, 0px) + -10px) -10px;}:root{--page-title-display:none;}@media(max-width:1024px) and (min-width:768px){.elementor-594 .elementor-element.elementor-element-1060c0b8{width:100%;}}@media(max-width:1024px){.elementor-594 .elementor-element.elementor-element-3867d99c:not(.elementor-motion-effects-element-type-background), .elementor-594 .elementor-element.elementor-element-3867d99c > .elementor-motion-effects-container > .elementor-motion-effects-layer{background-position:center center;}.elementor-594 .elementor-element.elementor-element-3867d99c{margin-top:0px;margin-bottom:0px;padding:100px 10px 120px 10px;}.elementor-594 .elementor-element.elementor-element-7f9b622f .elementor-heading-title{font-size:var( --e-global-typography-8faade7-font-size );line-height:var( --e-global-typography-8faade7-line-height );letter-spacing:var( --e-global-typography-8faade7-letter-spacing );word-spacing:var( --e-global-typography-8faade7-word-spacing );}.elementor-594 .elementor-element.elementor-element-39205acc{padding:60px 20px 60px 20px;}.elementor-594 .elementor-element.elementor-element-1060c0b8 > .elementor-element-populated{margin:40px 0px 0px 0px;--e-column-margin-right:0px;--e-column-margin-left:0px;}.elementor-594 .elementor-element.elementor-element-d7aa056{font-size:var( --e-global-typography-text-font-size );line-height:var( --e-global-typography-text-line-height );letter-spacing:var( --e-global-typography-text-letter-spacing );}}@media(max-width:767px){.elementor-594 .elementor-element.elementor-element-3867d99c{margin-top:0px;margin-bottom:0px;padding:40px 10px 80px 10px;}.elementor-594 .elementor-element.elementor-element-7f9b622f .elementor-heading-title{font-size:var( --e-global-typography-8faade7-font-size );line-height:var( --e-global-typography-8faade7-line-height );letter-spacing:var( --e-global-typography-8faade7-letter-spacing );word-spacing:var( --e-global-typography-8faade7-word-spacing );}.elementor-594 .elementor-element.elementor-element-39205acc{padding:40px 20px 20px 20px;}.elementor-594 .elementor-element.elementor-element-1060c0b8 > .elementor-element-populated{margin:20px 0px 0px 0px;--e-column-margin-right:0px;--e-column-margin-left:0px;padding:0px 0px 0px 0px;}.elementor-594 .elementor-element.elementor-element-d7aa056{font-size:var( --e-global-typography-text-font-size );line-height:var( --e-global-typography-text-line-height );letter-spacing:var( --e-global-typography-text-letter-spacing );}}<\/style>\t\t<div data-elementor-type=\"wp-page\" data-elementor-id=\"594\" class=\"elementor elementor-594 elementor-557\" data-elementor-post-type=\"page\">\n\t\t\t\t\t\t<section class=\"elementor-section elementor-top-section elementor-element elementor-element-3867d99c elementor-section-boxed elementor-section-height-default elementor-section-height-default\" data-id=\"3867d99c\" data-element_type=\"section\" data-e-type=\"section\" data-settings=\"{&quot;background_background&quot;:&quot;classic&quot;}\">\n\t\t\t\t\t\t\t<div class=\"elementor-background-overlay\"><\/div>\n\t\t\t\t\t\t\t<div class=\"elementor-container elementor-column-gap-default\">\n\t\t\t\t\t<div class=\"elementor-column elementor-col-100 elementor-top-column elementor-element elementor-element-6b381de0\" data-id=\"6b381de0\" data-element_type=\"column\" data-e-type=\"column\">\n\t\t\t<div class=\"elementor-widget-wrap elementor-element-populated\">\n\t\t\t\t\t\t\t<\/div>\n\t\t<\/div>\n\t\t\t\t\t<\/div>\n\t\t<\/section>\n\t\t\t\t<section class=\"elementor-section elementor-top-section elementor-element elementor-element-39205acc elementor-section-content-top elementor-section-boxed elementor-section-height-default elementor-section-height-default\" data-id=\"39205acc\" data-element_type=\"section\" data-e-type=\"section\" data-settings=\"{&quot;background_background&quot;:&quot;classic&quot;}\">\n\t\t\t\t\t\t<div class=\"elementor-container elementor-column-gap-default\">\n\t\t\t\t\t<div class=\"elementor-column elementor-col-100 elementor-top-column elementor-element elementor-element-1060c0b8\" data-id=\"1060c0b8\" data-element_type=\"column\" data-e-type=\"column\">\n\t\t\t<div class=\"elementor-widget-wrap elementor-element-populated\">\n\t\t\t\t\t\t<div class=\"elementor-element elementor-element-d7aa056 elementor-invisible elementor-widget elementor-widget-text-editor\" data-id=\"d7aa056\" data-element_type=\"widget\" data-e-type=\"widget\" data-settings=\"{&quot;_animation_delay&quot;:200,&quot;_animation&quot;:&quot;fadeInRight&quot;}\" data-widget_type=\"text-editor.default\">\n\t\t\t\t\t\t\t\t\t<p>S\u00f3lbrekka og b\u00fasta\u00f0ir \u00ed Mj\u00f3afir\u00f0i eru sta\u00f0sett vi\u00f0 veg nr. 953. N\u00e6rliggjandi \u00fe\u00e9ttb\u00fdli \u00a0eru Egilssta\u00f0ir \u00ed 42 km fjarl\u00e6g\u00f0 og Rey\u00f0arfj\u00f6r\u00f0ur \u00ed 55 km fjarl\u00e6g\u00f0.<\/p>\n<p>\u00deegar eki\u00f0 er fr\u00e1 Egilsst\u00f6\u00f0um er fari\u00f0 eftir vegi nr. 1 \u00ed \u00e1tt til Rey\u00f0arfjar\u00f0ar. Eftir um 10 km akstur er beygt til vinstri inn \u00e1 veg nr. 953. Eki\u00f0 er um 32 km \u00e1 vegi 953, e\u00f0a \u00ed um eina klukkustund og \u00fe\u00e1 s\u00e9st S\u00f3lbrekka \u00e1 vinstri h\u00f6nd.<\/p>\n<p>\u00deegar eki\u00f0 er fr\u00e1 Rey\u00f0arfir\u00f0i er fari\u00f0 eftir vegi nr. 1 \u00ed \u00e1tt a\u00f0 Egilsst\u00f6\u00f0um. Eftir um 25 km er beygt til h\u00e6gri inn \u00e1 veg nr. 953. Eki\u00f0 er um 32 km \u00e1 vegi 953, e\u00f0a \u00ed um eina klukkustund og \u00fe\u00e1 s\u00e9st S\u00f3lbrekka \u00e1 vinstri h\u00f6nd.<\/p>\n\t\t\t\t\t\t\t\t<\/div>\n\t\t\t\t\t<\/div>\n\t\t<\/div>\n\t\t\t\t\t<\/div>\n\t\t<\/section>\n\t\t\t\t<section class=\"elementor-section elementor-top-section elementor-element elementor-element-cbb40b5 elementor-section-full_width elementor-section-height-default elementor-section-height-default\" data-id=\"cbb40b5\" data-element_type=\"section\" data-e-type=\"section\">\n\t\t\t\t\t\t<div class=\"elementor-container elementor-column-gap-default\">\n\t\t\t\t\t<div class=\"elementor-column elementor-col-100 elementor-top-column elementor-element elementor-element-bc4af93\" data-id=\"bc4af93\" data-element_type=\"column\" data-e-type=\"column\">\n\t\t\t<div class=\"elementor-widget-wrap elementor-element-populated\">\n\t\t\t\t\t\t<div class=\"elementor-element elementor-element-9557dbf elementor-widget elementor-widget-google_maps\" data-id=\"9557dbf\" data-element_type=\"widget\" data-e-type=\"widget\" data-widget_type=\"google_maps.default\">\n\t\t\t\t\t\t\t<div class=\"elementor-custom-embed\">\n\t\t\t<iframe loading=\"lazy\"\n\t\t\t\t\tsrc=\"https:\/\/maps.google.com\/maps?q=Mj%C3%B3ifj%C3%B6r%C3%B0ur%2C%20Iceland&#038;t=m&#038;z=12&#038;output=embed&#038;iwloc=near\"\n\t\t\t\t\ttitle=\"Mj\u00f3ifj\u00f6r\u00f0ur, Iceland\"\n\t\t\t\t\taria-label=\"Mj\u00f3ifj\u00f6r\u00f0ur, Iceland\"\n\t\t\t><\/iframe>\n\t\t<\/div>\n\t\t\t\t\t\t<\/div>\n\t\t\t\t\t<\/div>\n\t\t<\/div>\n\t\t\t\t\t<\/div>\n\t\t<\/section>\n\t\t\t\t<\/div>\n\t\t","protected":false},"excerpt":{"rendered":"<p>S\u00f3lbrekka og b\u00fasta\u00f0ir \u00ed Mj\u00f3afir\u00f0i eru sta\u00f0sett vi\u00f0 veg nr. 953. N\u00e6rliggjandi \u00fe\u00e9ttb\u00fdli \u00a0eru Egilssta\u00f0ir \u00ed 42 km fjarl\u00e6g\u00f0 og Rey\u00f0arfj\u00f6r\u00f0ur \u00ed 55 km fjarl\u00e6g\u00f0. \u00deegar eki\u00f0 er fr\u00e1 Egilsst\u00f6\u00f0um er fari\u00f0 eftir vegi nr. 1 \u00ed \u00e1tt til Rey\u00f0arfjar\u00f0ar. Eftir um 10 km akstur er beygt til vinstri inn \u00e1 veg nr. 953. Eki\u00f0 [&hellip;]<\/p>\n","protected":false},"author":1,"featured_media":0,"parent":0,"menu_order":0,"comment_status":"closed","ping_status":"closed","template":"","meta":{"footnotes":""},"class_list":["post-594","page","type-page","status-publish","hentry"],"_links":{"self":[{"href":"https:\/\/mjoifjordur.is\/is\/wp-json\/wp\/v2\/pages\/594","targetHints":{"allow":["GET"]}}],"collection":[{"href":"https:\/\/mjoifjordur.is\/is\/wp-json\/wp\/v2\/pages"}],"about":[{"href":"https:\/\/mjoifjordur.is\/is\/wp-json\/wp\/v2\/types\/page"}],"author":[{"embeddable":true,"href":"https:\/\/mjoifjordur.is\/is\/wp-json\/wp\/v2\/users\/1"}],"replies":[{"embeddable":true,"href":"https:\/\/mjoifjordur.is\/is\/wp-json\/wp\/v2\/comments?post=594"}],"version-history":[{"count":3,"href":"https:\/\/mjoifjordur.is\/is\/wp-json\/wp\/v2\/pages\/594\/revisions"}],"predecessor-version":[{"id":833,"href":"https:\/\/mjoifjordur.is\/is\/wp-json\/wp\/v2\/pages\/594\/revisions\/833"}],"wp:attachment":[{"href":"https:\/\/mjoifjordur.is\/is\/wp-json\/wp\/v2\/media?parent=594"}],"curies":[{"name":"wp","href":"https:\/\/api.w.org\/{rel}","templated":true}]}}