{"id":589,"date":"2023-03-23T09:40:23","date_gmt":"2023-03-23T09:40:23","guid":{"rendered":"https:\/\/mjoifjordur.is\/solbrekka-kaffisala\/"},"modified":"2023-03-23T09:41:35","modified_gmt":"2023-03-23T09:41:35","slug":"solbrekka-kaffisala","status":"publish","type":"page","link":"https:\/\/mjoifjordur.is\/is\/solbrekka-kaffisala\/","title":{"rendered":"S\u00f3lbrekka kaffisala"},"content":{"rendered":"\t\t<div data-elementor-type=\"wp-page\" data-elementor-id=\"589\" class=\"elementor elementor-589 elementor-583\" data-elementor-post-type=\"page\">\n\t\t\t\t\t\t<section class=\"elementor-section elementor-top-section elementor-element elementor-element-26387de0 elementor-section-boxed elementor-section-height-default elementor-section-height-default\" data-id=\"26387de0\" data-element_type=\"section\" data-e-type=\"section\" data-settings=\"{&quot;background_background&quot;:&quot;classic&quot;}\">\n\t\t\t\t\t\t\t<div class=\"elementor-background-overlay\"><\/div>\n\t\t\t\t\t\t\t<div class=\"elementor-container elementor-column-gap-default\">\n\t\t\t\t\t<div class=\"elementor-column elementor-col-100 elementor-top-column elementor-element elementor-element-76805c77\" data-id=\"76805c77\" data-element_type=\"column\" data-e-type=\"column\">\n\t\t\t<div class=\"elementor-widget-wrap elementor-element-populated\">\n\t\t\t\t\t\t\t<\/div>\n\t\t<\/div>\n\t\t\t\t\t<\/div>\n\t\t<\/section>\n\t\t\t\t<section class=\"elementor-section elementor-top-section elementor-element elementor-element-524ff46f elementor-section-content-top elementor-section-boxed elementor-section-height-default elementor-section-height-default\" data-id=\"524ff46f\" data-element_type=\"section\" data-e-type=\"section\" data-settings=\"{&quot;background_background&quot;:&quot;classic&quot;}\">\n\t\t\t\t\t\t<div class=\"elementor-container elementor-column-gap-default\">\n\t\t\t\t\t<div class=\"elementor-column elementor-col-100 elementor-top-column elementor-element elementor-element-12ff4064\" data-id=\"12ff4064\" data-element_type=\"column\" data-e-type=\"column\">\n\t\t\t<div class=\"elementor-widget-wrap elementor-element-populated\">\n\t\t\t\t\t\t<div class=\"elementor-element elementor-element-72a100cf elementor-invisible elementor-widget elementor-widget-text-editor\" data-id=\"72a100cf\" data-element_type=\"widget\" data-e-type=\"widget\" data-settings=\"{&quot;_animation_delay&quot;:200,&quot;_animation&quot;:&quot;fadeInRight&quot;}\" data-widget_type=\"text-editor.default\">\n\t\t\t\t\t\t\t\t\t<p>\u00cd S\u00f3lbrekku kaffis\u00f6lu er h\u00e6gt a\u00f0 setjast ni\u00f0ur, kaupa s\u00e9r veitingar og nj\u00f3ta fallegrar n\u00e1tt\u00faru og kyrr\u00f0ar Mj\u00f3afjar\u00f0ar.<\/p>\n<p>Kaffisalan \u00ed S\u00f3lbrekku b\u00fd\u00f0ur upp \u00e1 kaffi, heitt s\u00fakkula\u00f0i, n\u00fdbaka\u00f0ar v\u00f6fflur me\u00f0 rabarbarasultu og \u00feeyttum rj\u00f3ma, samlokur, sm\u00e1k\u00f6kur og kleinur. Einnig er h\u00e6gt a\u00f0 kaupa gos, s\u00e6lg\u00e6ti, bj\u00f3r og \u00fdmsa a\u00f0ra \u00e1fenga drykki.<\/p>\n<p>Starfsf\u00f3lk kaffis\u00f6lunnar veitir einnig a\u00f0sto\u00f0 var\u00f0andi gistingu, grunnuppl\u00fdsingar um sv\u00e6\u00f0i\u00f0 og hva\u00f0 \u00e1hugavert er a\u00f0 sj\u00e1 og gera.<\/p>\n\t\t\t\t\t\t\t\t<\/div>\n\t\t\t\t\t<\/div>\n\t\t<\/div>\n\t\t\t\t\t<\/div>\n\t\t<\/section>\n\t\t\t\t<section class=\"elementor-section elementor-top-section elementor-element elementor-element-348e10b6 elementor-section-boxed elementor-section-height-default elementor-section-height-default\" data-id=\"348e10b6\" data-element_type=\"section\" data-e-type=\"section\">\n\t\t\t\t\t\t<div class=\"elementor-container elementor-column-gap-default\">\n\t\t\t\t\t<div class=\"elementor-column elementor-col-100 elementor-top-column elementor-element elementor-element-51eb2af5\" data-id=\"51eb2af5\" data-element_type=\"column\" data-e-type=\"column\">\n\t\t\t<div class=\"elementor-widget-wrap elementor-element-populated\">\n\t\t\t\t\t\t<div class=\"elementor-element elementor-element-7e8735fc elementor-pagination-position-outside elementor-widget elementor-widget-image-carousel\" data-id=\"7e8735fc\" data-element_type=\"widget\" data-e-type=\"widget\" data-settings=\"{&quot;slides_to_show&quot;:&quot;3&quot;,&quot;slides_to_scroll&quot;:&quot;1&quot;,&quot;navigation&quot;:&quot;dots&quot;,&quot;image_spacing_custom&quot;:{&quot;unit&quot;:&quot;px&quot;,&quot;size&quot;:40,&quot;sizes&quot;:[]},&quot;autoplay&quot;:&quot;yes&quot;,&quot;pause_on_hover&quot;:&quot;yes&quot;,&quot;pause_on_interaction&quot;:&quot;yes&quot;,&quot;autoplay_speed&quot;:5000,&quot;infinite&quot;:&quot;yes&quot;,&quot;speed&quot;:500,&quot;image_spacing_custom_tablet&quot;:{&quot;unit&quot;:&quot;px&quot;,&quot;size&quot;:&quot;&quot;,&quot;sizes&quot;:[]},&quot;image_spacing_custom_mobile&quot;:{&quot;unit&quot;:&quot;px&quot;,&quot;size&quot;:&quot;&quot;,&quot;sizes&quot;:[]}}\" data-widget_type=\"image-carousel.default\">\n\t\t\t\t\t\t\t<div class=\"elementor-image-carousel-wrapper swiper\" role=\"region\" aria-roledescription=\"carousel\" aria-label=\"Image Carousel\" dir=\"ltr\">\n\t\t\t<div class=\"elementor-image-carousel swiper-wrapper\" aria-live=\"off\">\n\t\t\t\t\t\t\t\t<div class=\"swiper-slide\" role=\"group\" aria-roledescription=\"slide\" aria-label=\"1 of 5\"><a data-elementor-open-lightbox=\"yes\" data-elementor-lightbox-slideshow=\"7e8735fc\" data-elementor-lightbox-title=\"cafe00001\" data-e-action-hash=\"#elementor-action%3Aaction%3Dlightbox%26settings%3DeyJpZCI6NDgwLCJ1cmwiOiJodHRwczpcL1wvbWpvaWZqb3JkdXIuaXNcL3dwLWNvbnRlbnRcL3VwbG9hZHNcLzIwMjNcLzAzXC9jYWZlMDAwMDEuanBnIiwic2xpZGVzaG93IjoiN2U4NzM1ZmMifQ%3D%3D\" href=\"https:\/\/mjoifjordur.is\/wp-content\/uploads\/2023\/03\/cafe00001.jpg\"><figure class=\"swiper-slide-inner\"><img decoding=\"async\" class=\"swiper-slide-image\" src=\"https:\/\/mjoifjordur.is\/wp-content\/uploads\/elementor\/thumbs\/cafe00001-q3wamvmornu1b7t40x17umvgkcutpkqdrf00oco6l4.jpg\" alt=\"cafe00001\" \/><\/figure><\/a><\/div><div class=\"swiper-slide\" role=\"group\" aria-roledescription=\"slide\" aria-label=\"2 of 5\"><a data-elementor-open-lightbox=\"yes\" data-elementor-lightbox-slideshow=\"7e8735fc\" data-elementor-lightbox-title=\"cafe00002\" data-e-action-hash=\"#elementor-action%3Aaction%3Dlightbox%26settings%3DeyJpZCI6NDgyLCJ1cmwiOiJodHRwczpcL1wvbWpvaWZqb3JkdXIuaXNcL3dwLWNvbnRlbnRcL3VwbG9hZHNcLzIwMjNcLzAzXC9jYWZlMDAwMDIuanBnIiwic2xpZGVzaG93IjoiN2U4NzM1ZmMifQ%3D%3D\" href=\"https:\/\/mjoifjordur.is\/wp-content\/uploads\/2023\/03\/cafe00002.jpg\"><figure class=\"swiper-slide-inner\"><img decoding=\"async\" class=\"swiper-slide-image\" src=\"https:\/\/mjoifjordur.is\/wp-content\/uploads\/elementor\/thumbs\/cafe00002-q3wamwkiyhvbmtrqvffuf4mx5qq6x9u43jni5mmsew.jpg\" alt=\"cafe00002\" \/><\/figure><\/a><\/div><div class=\"swiper-slide\" role=\"group\" aria-roledescription=\"slide\" aria-label=\"3 of 5\"><a data-elementor-open-lightbox=\"yes\" data-elementor-lightbox-slideshow=\"7e8735fc\" data-elementor-lightbox-title=\"cafe00003\" data-e-action-hash=\"#elementor-action%3Aaction%3Dlightbox%26settings%3DeyJpZCI6NDg0LCJ1cmwiOiJodHRwczpcL1wvbWpvaWZqb3JkdXIuaXNcL3dwLWNvbnRlbnRcL3VwbG9hZHNcLzIwMjNcLzAzXC9jYWZlMDAwMDMuanBnIiwic2xpZGVzaG93IjoiN2U4NzM1ZmMifQ%3D%3D\" href=\"https:\/\/mjoifjordur.is\/wp-content\/uploads\/2023\/03\/cafe00003.jpg\"><figure class=\"swiper-slide-inner\"><img decoding=\"async\" class=\"swiper-slide-image\" src=\"https:\/\/mjoifjordur.is\/wp-content\/uploads\/elementor\/thumbs\/cafe00003-q3wan0bvpu0gx9ma9h2cp3orja7ns291g29g2qh7q0.jpg\" alt=\"cafe00003\" \/><\/figure><\/a><\/div><div class=\"swiper-slide\" role=\"group\" aria-roledescription=\"slide\" aria-label=\"4 of 5\"><a data-elementor-open-lightbox=\"yes\" data-elementor-lightbox-slideshow=\"7e8735fc\" data-elementor-lightbox-title=\"cafe00004\" data-e-action-hash=\"#elementor-action%3Aaction%3Dlightbox%26settings%3DeyJpZCI6NDg2LCJ1cmwiOiJodHRwczpcL1wvbWpvaWZqb3JkdXIuaXNcL3dwLWNvbnRlbnRcL3VwbG9hZHNcLzIwMjNcLzAzXC9jYWZlMDAwMDQuanBnIiwic2xpZGVzaG93IjoiN2U4NzM1ZmMifQ%3D%3D\" href=\"https:\/\/mjoifjordur.is\/wp-content\/uploads\/2023\/03\/cafe00004.jpg\"><figure class=\"swiper-slide-inner\"><img decoding=\"async\" class=\"swiper-slide-image\" src=\"https:\/\/mjoifjordur.is\/wp-content\/uploads\/elementor\/thumbs\/cafe00004-q3wan35eac4bw3i6t0a8ekz5bftrf5k8gg7wikd17c.jpg\" alt=\"cafe00004\" \/><\/figure><\/a><\/div><div class=\"swiper-slide\" role=\"group\" aria-roledescription=\"slide\" aria-label=\"5 of 5\"><a data-elementor-open-lightbox=\"yes\" data-elementor-lightbox-slideshow=\"7e8735fc\" data-elementor-lightbox-title=\"cafe00005\" data-e-action-hash=\"#elementor-action%3Aaction%3Dlightbox%26settings%3DeyJpZCI6NDg4LCJ1cmwiOiJodHRwczpcL1wvbWpvaWZqb3JkdXIuaXNcL3dwLWNvbnRlbnRcL3VwbG9hZHNcLzIwMjNcLzAzXC9jYWZlMDAwMDUuanBnIiwic2xpZGVzaG93IjoiN2U4NzM1ZmMifQ%3D%3D\" href=\"https:\/\/mjoifjordur.is\/wp-content\/uploads\/2023\/03\/cafe00005.jpg\"><figure class=\"swiper-slide-inner\"><img decoding=\"async\" class=\"swiper-slide-image\" src=\"https:\/\/mjoifjordur.is\/wp-content\/uploads\/elementor\/thumbs\/cafe00005-q3wan5ywuu86uxe3cji4429j3lfv28vfgu6cye8uoo.jpg\" alt=\"cafe00005\" \/><\/figure><\/a><\/div>\t\t\t<\/div>\n\t\t\t\t\t\t\t\n\t\t\t\t\t\t\t\t\t<div class=\"swiper-pagination\"><\/div>\n\t\t\t\t\t\t\t\t\t<\/div>\n\t\t\t\t\t\t<\/div>\n\t\t\t\t\t<\/div>\n\t\t<\/div>\n\t\t\t\t\t<\/div>\n\t\t<\/section>\n\t\t\t\t<\/div>\n\t\t","protected":false},"excerpt":{"rendered":"<p>\u00cd S\u00f3lbrekku kaffis\u00f6lu er h\u00e6gt a\u00f0 setjast ni\u00f0ur, kaupa s\u00e9r veitingar og nj\u00f3ta fallegrar n\u00e1tt\u00faru og kyrr\u00f0ar Mj\u00f3afjar\u00f0ar. Kaffisalan \u00ed S\u00f3lbrekku b\u00fd\u00f0ur upp \u00e1 kaffi, heitt s\u00fakkula\u00f0i, n\u00fdbaka\u00f0ar v\u00f6fflur me\u00f0 rabarbarasultu og \u00feeyttum rj\u00f3ma, samlokur, sm\u00e1k\u00f6kur og kleinur. Einnig er h\u00e6gt a\u00f0 kaupa gos, s\u00e6lg\u00e6ti, bj\u00f3r og \u00fdmsa a\u00f0ra \u00e1fenga drykki. Starfsf\u00f3lk kaffis\u00f6lunnar veitir einnig [&hellip;]<\/p>\n","protected":false},"author":1,"featured_media":0,"parent":0,"menu_order":0,"comment_status":"closed","ping_status":"closed","template":"","meta":{"footnotes":""},"class_list":["post-589","page","type-page","status-publish","hentry"],"_links":{"self":[{"href":"https:\/\/mjoifjordur.is\/is\/wp-json\/wp\/v2\/pages\/589","targetHints":{"allow":["GET"]}}],"collection":[{"href":"https:\/\/mjoifjordur.is\/is\/wp-json\/wp\/v2\/pages"}],"about":[{"href":"https:\/\/mjoifjordur.is\/is\/wp-json\/wp\/v2\/types\/page"}],"author":[{"embeddable":true,"href":"https:\/\/mjoifjordur.is\/is\/wp-json\/wp\/v2\/users\/1"}],"replies":[{"embeddable":true,"href":"https:\/\/mjoifjordur.is\/is\/wp-json\/wp\/v2\/comments?post=589"}],"version-history":[{"count":1,"href":"https:\/\/mjoifjordur.is\/is\/wp-json\/wp\/v2\/pages\/589\/revisions"}],"predecessor-version":[{"id":590,"href":"https:\/\/mjoifjordur.is\/is\/wp-json\/wp\/v2\/pages\/589\/revisions\/590"}],"wp:attachment":[{"href":"https:\/\/mjoifjordur.is\/is\/wp-json\/wp\/v2\/media?parent=589"}],"curies":[{"name":"wp","href":"https:\/\/api.w.org\/{rel}","templated":true}]}}