{"id":581,"date":"2023-03-22T21:16:24","date_gmt":"2023-03-22T21:16:24","guid":{"rendered":"https:\/\/mjoifjordur.is\/gistiheimilid-solbrekka\/"},"modified":"2023-03-23T09:39:01","modified_gmt":"2023-03-23T09:39:01","slug":"gistiheimilid-solbrekka","status":"publish","type":"page","link":"https:\/\/mjoifjordur.is\/is\/gistiheimilid-solbrekka\/","title":{"rendered":"Gistiheimili\u00f0 S\u00f3lbrekka"},"content":{"rendered":"<style>.elementor-581 .elementor-element.elementor-element-1bc61b20 > .elementor-container{max-width:1170px;}.elementor-581 .elementor-element.elementor-element-1bc61b20:not(.elementor-motion-effects-element-type-background), .elementor-581 .elementor-element.elementor-element-1bc61b20 > .elementor-motion-effects-container > .elementor-motion-effects-layer{background-color:var( --e-global-color-primary );background-image:url(\"https:\/\/mjoifjordur.is\/wp-content\/uploads\/2023\/03\/guesthouse00007.jpg\");background-position:center center;background-repeat:no-repeat;background-size:cover;}.elementor-581 .elementor-element.elementor-element-1bc61b20 > .elementor-background-overlay{background-color:var( --e-global-color-primary );opacity:0.5;transition:background 0.3s, border-radius 0.3s, opacity 0.3s;}.elementor-581 .elementor-element.elementor-element-1bc61b20{transition:background 0.3s, border 0.3s, border-radius 0.3s, box-shadow 0.3s;padding:120px 0px 140px 0px;z-index:0;}.elementor-581 .elementor-element.elementor-element-231a008d{text-align:center;}.elementor-581 .elementor-element.elementor-element-231a008d .elementor-heading-title{font-family:var( --e-global-typography-8faade7-font-family ), Sans-serif;font-size:var( --e-global-typography-8faade7-font-size );font-weight:var( --e-global-typography-8faade7-font-weight );font-style:var( --e-global-typography-8faade7-font-style );text-decoration:var( --e-global-typography-8faade7-text-decoration );line-height:var( --e-global-typography-8faade7-line-height );letter-spacing:var( --e-global-typography-8faade7-letter-spacing );word-spacing:var( --e-global-typography-8faade7-word-spacing );color:var( --e-global-color-e5c8540 );}.elementor-581 .elementor-element.elementor-element-6fe6a085 > .elementor-container{max-width:1200px;}.elementor-581 .elementor-element.elementor-element-6fe6a085 > .elementor-container > .elementor-column > .elementor-widget-wrap{align-content:flex-start;align-items:flex-start;}.elementor-581 .elementor-element.elementor-element-6fe6a085{transition:background 0.3s, border 0.3s, border-radius 0.3s, box-shadow 0.3s;padding:120px 0px 80px 0px;}.elementor-581 .elementor-element.elementor-element-6fe6a085 > .elementor-background-overlay{transition:background 0.3s, border-radius 0.3s, opacity 0.3s;}.elementor-581 .elementor-element.elementor-element-1b3cecb5 > .elementor-element-populated{margin:0px 0px 0px 40px;--e-column-margin-right:0px;--e-column-margin-left:40px;}.elementor-581 .elementor-element.elementor-element-5e487817{font-family:var( --e-global-typography-text-font-family ), Sans-serif;font-size:var( --e-global-typography-text-font-size );font-weight:var( --e-global-typography-text-font-weight );text-transform:var( --e-global-typography-text-text-transform );font-style:var( --e-global-typography-text-font-style );text-decoration:var( --e-global-typography-text-text-decoration );line-height:var( --e-global-typography-text-line-height );letter-spacing:var( --e-global-typography-text-letter-spacing );color:var( --e-global-color-text );}.elementor-581 .elementor-element.elementor-element-45092faa > .elementor-container{max-width:1200px;}.elementor-581 .elementor-element.elementor-element-45092faa{padding:0px 0px 80px 0px;}.elementor-581 .elementor-element.elementor-element-38a5776{--e-image-carousel-slides-to-show:3;}.elementor-581 .elementor-element.elementor-element-38a5776 .swiper-pagination-bullet{width:8px;height:8px;background:var( --e-global-color-accent );}.elementor-581 .elementor-element.elementor-element-38a5776 .swiper-pagination-bullet:not(.swiper-pagination-bullet-active){background:var( --e-global-color-primary );opacity:var( --e-global-color-primary );}:root{--page-title-display:none;}@media(max-width:1024px) and (min-width:768px){.elementor-581 .elementor-element.elementor-element-1b3cecb5{width:100%;}}@media(max-width:1024px){.elementor-581 .elementor-element.elementor-element-1bc61b20:not(.elementor-motion-effects-element-type-background), .elementor-581 .elementor-element.elementor-element-1bc61b20 > .elementor-motion-effects-container > .elementor-motion-effects-layer{background-position:center center;}.elementor-581 .elementor-element.elementor-element-1bc61b20{margin-top:0px;margin-bottom:0px;padding:100px 10px 120px 10px;}.elementor-581 .elementor-element.elementor-element-231a008d .elementor-heading-title{font-size:var( --e-global-typography-8faade7-font-size );line-height:var( --e-global-typography-8faade7-line-height );letter-spacing:var( --e-global-typography-8faade7-letter-spacing );word-spacing:var( --e-global-typography-8faade7-word-spacing );}.elementor-581 .elementor-element.elementor-element-6fe6a085{padding:60px 20px 60px 20px;}.elementor-581 .elementor-element.elementor-element-1b3cecb5 > .elementor-element-populated{margin:40px 0px 0px 0px;--e-column-margin-right:0px;--e-column-margin-left:0px;}.elementor-581 .elementor-element.elementor-element-5e487817{font-size:var( --e-global-typography-text-font-size );line-height:var( --e-global-typography-text-line-height );letter-spacing:var( --e-global-typography-text-letter-spacing );}.elementor-581 .elementor-element.elementor-element-45092faa{padding:0px 10px 0px 10px;}}@media(max-width:767px){.elementor-581 .elementor-element.elementor-element-1bc61b20{margin-top:0px;margin-bottom:0px;padding:40px 10px 80px 10px;}.elementor-581 .elementor-element.elementor-element-231a008d .elementor-heading-title{font-size:var( --e-global-typography-8faade7-font-size );line-height:var( --e-global-typography-8faade7-line-height );letter-spacing:var( --e-global-typography-8faade7-letter-spacing );word-spacing:var( --e-global-typography-8faade7-word-spacing );}.elementor-581 .elementor-element.elementor-element-6fe6a085{padding:40px 20px 20px 20px;}.elementor-581 .elementor-element.elementor-element-1b3cecb5 > .elementor-element-populated{margin:20px 0px 0px 0px;--e-column-margin-right:0px;--e-column-margin-left:0px;padding:0px 0px 0px 0px;}.elementor-581 .elementor-element.elementor-element-5e487817{font-size:var( --e-global-typography-text-font-size );line-height:var( --e-global-typography-text-line-height );letter-spacing:var( --e-global-typography-text-letter-spacing );}}<\/style>\t\t<div data-elementor-type=\"wp-page\" data-elementor-id=\"581\" class=\"elementor elementor-581 elementor-547\" data-elementor-post-type=\"page\">\n\t\t\t\t\t\t<section class=\"elementor-section elementor-top-section elementor-element elementor-element-1bc61b20 elementor-section-boxed elementor-section-height-default elementor-section-height-default\" data-id=\"1bc61b20\" data-element_type=\"section\" data-e-type=\"section\" data-settings=\"{&quot;background_background&quot;:&quot;classic&quot;}\">\n\t\t\t\t\t\t\t<div class=\"elementor-background-overlay\"><\/div>\n\t\t\t\t\t\t\t<div class=\"elementor-container elementor-column-gap-default\">\n\t\t\t\t\t<div class=\"elementor-column elementor-col-100 elementor-top-column elementor-element elementor-element-71ed0460\" data-id=\"71ed0460\" data-element_type=\"column\" data-e-type=\"column\">\n\t\t\t<div class=\"elementor-widget-wrap elementor-element-populated\">\n\t\t\t\t\t\t\t<\/div>\n\t\t<\/div>\n\t\t\t\t\t<\/div>\n\t\t<\/section>\n\t\t\t\t<section class=\"elementor-section elementor-top-section elementor-element elementor-element-6fe6a085 elementor-section-content-top elementor-section-boxed elementor-section-height-default elementor-section-height-default\" data-id=\"6fe6a085\" data-element_type=\"section\" data-e-type=\"section\" data-settings=\"{&quot;background_background&quot;:&quot;classic&quot;}\">\n\t\t\t\t\t\t<div class=\"elementor-container elementor-column-gap-default\">\n\t\t\t\t\t<div class=\"elementor-column elementor-col-100 elementor-top-column elementor-element elementor-element-1b3cecb5\" data-id=\"1b3cecb5\" data-element_type=\"column\" data-e-type=\"column\">\n\t\t\t<div class=\"elementor-widget-wrap elementor-element-populated\">\n\t\t\t\t\t\t<div class=\"elementor-element elementor-element-5e487817 elementor-invisible elementor-widget elementor-widget-text-editor\" data-id=\"5e487817\" data-element_type=\"widget\" data-e-type=\"widget\" data-settings=\"{&quot;_animation_delay&quot;:200,&quot;_animation&quot;:&quot;fadeInRight&quot;}\" data-widget_type=\"text-editor.default\">\n\t\t\t\t\t\t\t\t\t<p>\u00cd S\u00f3lbrekku eru 5 herbergi (4x \u00feriggja manna herbergi og 1x fj\u00f6lskylduherbergi fyrir 6 manns), sameiginlegt eldh\u00fas og setustofa og \u00ferj\u00fa ba\u00f0herbergi me\u00f0 sturtu. \u00cd bo\u00f0i er svefnpokagisting e\u00f0a uppb\u00fain r\u00fam.<\/p>\n<p>Fr\u00ed nettenging er \u00ed bo\u00f0i fyrir gesti og notkun \u00e1 \u00fevottav\u00e9l og \u00feurrkara er innifalin \u00ed gistingu. Framan vi\u00f0 gistiheimili\u00f0 er gasgrill, \u00fatibekkir, bor\u00f0 og st\u00f3lar og leikv\u00f6llur \u00ed n\u00e1grenninu.<\/p>\n\t\t\t\t\t\t\t\t<\/div>\n\t\t\t\t\t<\/div>\n\t\t<\/div>\n\t\t\t\t\t<\/div>\n\t\t<\/section>\n\t\t\t\t<section class=\"elementor-section elementor-top-section elementor-element elementor-element-45092faa elementor-section-boxed elementor-section-height-default elementor-section-height-default\" data-id=\"45092faa\" data-element_type=\"section\" data-e-type=\"section\">\n\t\t\t\t\t\t<div class=\"elementor-container elementor-column-gap-default\">\n\t\t\t\t\t<div class=\"elementor-column elementor-col-100 elementor-top-column elementor-element elementor-element-2dcdbc6d\" data-id=\"2dcdbc6d\" data-element_type=\"column\" data-e-type=\"column\">\n\t\t\t<div class=\"elementor-widget-wrap elementor-element-populated\">\n\t\t\t\t\t\t<div class=\"elementor-element elementor-element-38a5776 elementor-pagination-position-outside elementor-widget elementor-widget-image-carousel\" data-id=\"38a5776\" data-element_type=\"widget\" data-e-type=\"widget\" data-settings=\"{&quot;slides_to_show&quot;:&quot;3&quot;,&quot;slides_to_scroll&quot;:&quot;1&quot;,&quot;navigation&quot;:&quot;dots&quot;,&quot;image_spacing_custom&quot;:{&quot;unit&quot;:&quot;px&quot;,&quot;size&quot;:40,&quot;sizes&quot;:[]},&quot;autoplay&quot;:&quot;yes&quot;,&quot;pause_on_hover&quot;:&quot;yes&quot;,&quot;pause_on_interaction&quot;:&quot;yes&quot;,&quot;autoplay_speed&quot;:5000,&quot;infinite&quot;:&quot;yes&quot;,&quot;speed&quot;:500,&quot;image_spacing_custom_tablet&quot;:{&quot;unit&quot;:&quot;px&quot;,&quot;size&quot;:&quot;&quot;,&quot;sizes&quot;:[]},&quot;image_spacing_custom_mobile&quot;:{&quot;unit&quot;:&quot;px&quot;,&quot;size&quot;:&quot;&quot;,&quot;sizes&quot;:[]}}\" data-widget_type=\"image-carousel.default\">\n\t\t\t\t\t\t\t<div class=\"elementor-image-carousel-wrapper swiper\" role=\"region\" aria-roledescription=\"carousel\" aria-label=\"Image Carousel\" dir=\"ltr\">\n\t\t\t<div class=\"elementor-image-carousel swiper-wrapper\" aria-live=\"off\">\n\t\t\t\t\t\t\t\t<div class=\"swiper-slide\" role=\"group\" aria-roledescription=\"slide\" aria-label=\"1 of 10\"><a data-elementor-open-lightbox=\"yes\" data-elementor-lightbox-slideshow=\"38a5776\" data-elementor-lightbox-title=\"guesthouse00001\" data-e-action-hash=\"#elementor-action%3Aaction%3Dlightbox%26settings%3DeyJpZCI6NDkwLCJ1cmwiOiJodHRwczpcL1wvbWpvaWZqb3JkdXIuaXNcL3dwLWNvbnRlbnRcL3VwbG9hZHNcLzIwMjNcLzAzXC9ndWVzdGhvdXNlMDAwMDEuanBnIiwic2xpZGVzaG93IjoiMzhhNTc3NiJ9\" href=\"https:\/\/mjoifjordur.is\/wp-content\/uploads\/2023\/03\/guesthouse00001.jpg\"><figure class=\"swiper-slide-inner\"><img decoding=\"async\" class=\"swiper-slide-image\" src=\"https:\/\/mjoifjordur.is\/wp-content\/uploads\/elementor\/thumbs\/guesthouse00001-q3wanefgkcjrrf1sz55r8i4og2a5zit0i01q9vwb4o.jpg\" alt=\"guesthouse00001\" \/><\/figure><\/a><\/div><div class=\"swiper-slide\" role=\"group\" aria-roledescription=\"slide\" aria-label=\"2 of 10\"><a data-elementor-open-lightbox=\"yes\" data-elementor-lightbox-slideshow=\"38a5776\" data-elementor-lightbox-title=\"guesthouse00002\" data-e-action-hash=\"#elementor-action%3Aaction%3Dlightbox%26settings%3DeyJpZCI6NDkyLCJ1cmwiOiJodHRwczpcL1wvbWpvaWZqb3JkdXIuaXNcL3dwLWNvbnRlbnRcL3VwbG9hZHNcLzIwMjNcLzAzXC9ndWVzdGhvdXNlMDAwMDIuanBnIiwic2xpZGVzaG93IjoiMzhhNTc3NiJ9\" href=\"https:\/\/mjoifjordur.is\/wp-content\/uploads\/2023\/03\/guesthouse00002.jpg\"><figure class=\"swiper-slide-inner\"><img decoding=\"async\" class=\"swiper-slide-image\" src=\"https:\/\/mjoifjordur.is\/wp-content\/uploads\/elementor\/thumbs\/guesthouse00002-q3wangb4y0mcemz2o5z0dhnlmu0wex0h69cp8ftis8.jpg\" alt=\"guesthouse00002\" \/><\/figure><\/a><\/div><div class=\"swiper-slide\" role=\"group\" aria-roledescription=\"slide\" aria-label=\"3 of 10\"><a data-elementor-open-lightbox=\"yes\" data-elementor-lightbox-slideshow=\"38a5776\" data-elementor-lightbox-title=\"guesthouse00003\" data-e-action-hash=\"#elementor-action%3Aaction%3Dlightbox%26settings%3DeyJpZCI6NDk0LCJ1cmwiOiJodHRwczpcL1wvbWpvaWZqb3JkdXIuaXNcL3dwLWNvbnRlbnRcL3VwbG9hZHNcLzIwMjNcLzAzXC9ndWVzdGhvdXNlMDAwMDMuanBnIiwic2xpZGVzaG93IjoiMzhhNTc3NiJ9\" href=\"https:\/\/mjoifjordur.is\/wp-content\/uploads\/2023\/03\/guesthouse00003.jpg\"><figure class=\"swiper-slide-inner\"><img decoding=\"async\" class=\"swiper-slide-image\" src=\"https:\/\/mjoifjordur.is\/wp-content\/uploads\/elementor\/thumbs\/guesthouse00003-q3wanj4niiq7dguz7p6w2yxzezn020bo6nb5o9pc9k.jpg\" alt=\"guesthouse00003\" \/><\/figure><\/a><\/div><div class=\"swiper-slide\" role=\"group\" aria-roledescription=\"slide\" aria-label=\"4 of 10\"><a data-elementor-open-lightbox=\"yes\" data-elementor-lightbox-slideshow=\"38a5776\" data-elementor-lightbox-title=\"guesthouse00004\" data-e-action-hash=\"#elementor-action%3Aaction%3Dlightbox%26settings%3DeyJpZCI6NDk2LCJ1cmwiOiJodHRwczpcL1wvbWpvaWZqb3JkdXIuaXNcL3dwLWNvbnRlbnRcL3VwbG9hZHNcLzIwMjNcLzAzXC9ndWVzdGhvdXNlMDAwMDQuanBnIiwic2xpZGVzaG93IjoiMzhhNTc3NiJ9\" href=\"https:\/\/mjoifjordur.is\/wp-content\/uploads\/2023\/03\/guesthouse00004.jpg\"><figure class=\"swiper-slide-inner\"><img decoding=\"async\" class=\"swiper-slide-image\" src=\"https:\/\/mjoifjordur.is\/wp-content\/uploads\/elementor\/thumbs\/guesthouse00004-q3wanl0bw6ss0os8wq057ygwlrdqhej4uwm4mtmjx4.jpg\" alt=\"guesthouse00004\" \/><\/figure><\/a><\/div><div class=\"swiper-slide\" role=\"group\" aria-roledescription=\"slide\" aria-label=\"5 of 10\"><a data-elementor-open-lightbox=\"yes\" data-elementor-lightbox-slideshow=\"38a5776\" data-elementor-lightbox-title=\"guesthouse00005\" data-e-action-hash=\"#elementor-action%3Aaction%3Dlightbox%26settings%3DeyJpZCI6NDk4LCJ1cmwiOiJodHRwczpcL1wvbWpvaWZqb3JkdXIuaXNcL3dwLWNvbnRlbnRcL3VwbG9hZHNcLzIwMjNcLzAzXC9ndWVzdGhvdXNlMDAwMDUuanBnIiwic2xpZGVzaG93IjoiMzhhNTc3NiJ9\" href=\"https:\/\/mjoifjordur.is\/wp-content\/uploads\/2023\/03\/guesthouse00005.jpg\"><figure class=\"swiper-slide-inner\"><img decoding=\"async\" class=\"swiper-slide-image\" src=\"https:\/\/mjoifjordur.is\/wp-content\/uploads\/elementor\/thumbs\/guesthouse00005-q3wanmw09uvcnwpilqtecxztsj4gwsqlj5x3ldjrko.jpg\" alt=\"guesthouse00005\" \/><\/figure><\/a><\/div><div class=\"swiper-slide\" role=\"group\" aria-roledescription=\"slide\" aria-label=\"6 of 10\"><a data-elementor-open-lightbox=\"yes\" data-elementor-lightbox-slideshow=\"38a5776\" data-elementor-lightbox-title=\"guesthouse00006\" data-e-action-hash=\"#elementor-action%3Aaction%3Dlightbox%26settings%3DeyJpZCI6NTAwLCJ1cmwiOiJodHRwczpcL1wvbWpvaWZqb3JkdXIuaXNcL3dwLWNvbnRlbnRcL3VwbG9hZHNcLzIwMjNcLzAzXC9ndWVzdGhvdXNlMDAwMDYuanBnIiwic2xpZGVzaG93IjoiMzhhNTc3NiJ9\" href=\"https:\/\/mjoifjordur.is\/wp-content\/uploads\/2023\/03\/guesthouse00006.jpg\"><figure class=\"swiper-slide-inner\"><img decoding=\"async\" class=\"swiper-slide-image\" src=\"https:\/\/mjoifjordur.is\/wp-content\/uploads\/elementor\/thumbs\/guesthouse00006-q3wanoronixxb4msarmnhxiqzav7c6y27f82jxgz88.jpg\" alt=\"guesthouse00006\" \/><\/figure><\/a><\/div><div class=\"swiper-slide\" role=\"group\" aria-roledescription=\"slide\" aria-label=\"7 of 10\"><a data-elementor-open-lightbox=\"yes\" data-elementor-lightbox-slideshow=\"38a5776\" data-elementor-lightbox-title=\"guesthouse00007\" data-e-action-hash=\"#elementor-action%3Aaction%3Dlightbox%26settings%3DeyJpZCI6NTAyLCJ1cmwiOiJodHRwczpcL1wvbWpvaWZqb3JkdXIuaXNcL3dwLWNvbnRlbnRcL3VwbG9hZHNcLzIwMjNcLzAzXC9ndWVzdGhvdXNlMDAwMDcuanBnIiwic2xpZGVzaG93IjoiMzhhNTc3NiJ9\" href=\"https:\/\/mjoifjordur.is\/wp-content\/uploads\/2023\/03\/guesthouse00007.jpg\"><figure class=\"swiper-slide-inner\"><img decoding=\"async\" class=\"swiper-slide-image\" src=\"https:\/\/mjoifjordur.is\/wp-content\/uploads\/elementor\/thumbs\/guesthouse00007-q3wanrl7811s9yiouauj7et4rghaza997t6izrcspk.jpg\" alt=\"guesthouse00007\" \/><\/figure><\/a><\/div><div class=\"swiper-slide\" role=\"group\" aria-roledescription=\"slide\" aria-label=\"8 of 10\"><a data-elementor-open-lightbox=\"yes\" data-elementor-lightbox-slideshow=\"38a5776\" data-elementor-lightbox-title=\"guesthouse00008\" data-e-action-hash=\"#elementor-action%3Aaction%3Dlightbox%26settings%3DeyJpZCI6NTA0LCJ1cmwiOiJodHRwczpcL1wvbWpvaWZqb3JkdXIuaXNcL3dwLWNvbnRlbnRcL3VwbG9hZHNcLzIwMjNcLzAzXC9ndWVzdGhvdXNlMDAwMDguanBnIiwic2xpZGVzaG93IjoiMzhhNTc3NiJ9\" href=\"https:\/\/mjoifjordur.is\/wp-content\/uploads\/2023\/03\/guesthouse00008.jpg\"><figure class=\"swiper-slide-inner\"><img decoding=\"async\" class=\"swiper-slide-image\" src=\"https:\/\/mjoifjordur.is\/wp-content\/uploads\/elementor\/thumbs\/guesthouse00008-q3wantgvlp4cx6fyjbnscec1y881eogpw2hhyba0d4.jpg\" alt=\"guesthouse00008\" \/><\/figure><\/a><\/div><div class=\"swiper-slide\" role=\"group\" aria-roledescription=\"slide\" aria-label=\"9 of 10\"><a data-elementor-open-lightbox=\"yes\" data-elementor-lightbox-slideshow=\"38a5776\" data-elementor-lightbox-title=\"guesthouse00009\" data-e-action-hash=\"#elementor-action%3Aaction%3Dlightbox%26settings%3DeyJpZCI6NTA2LCJ1cmwiOiJodHRwczpcL1wvbWpvaWZqb3JkdXIuaXNcL3dwLWNvbnRlbnRcL3VwbG9hZHNcLzIwMjNcLzAzXC9ndWVzdGhvdXNlMDAwMDkuanBnIiwic2xpZGVzaG93IjoiMzhhNTc3NiJ9\" href=\"https:\/\/mjoifjordur.is\/wp-content\/uploads\/2023\/03\/guesthouse00009.jpg\"><figure class=\"swiper-slide-inner\"><img decoding=\"async\" class=\"swiper-slide-image\" src=\"https:\/\/mjoifjordur.is\/wp-content\/uploads\/elementor\/thumbs\/guesthouse00009-q3wanvcjzd6xked88ch1hduz4zyru2o6kbsgwv780o.jpg\" alt=\"guesthouse00009\" \/><\/figure><\/a><\/div><div class=\"swiper-slide\" role=\"group\" aria-roledescription=\"slide\" aria-label=\"10 of 10\"><a data-elementor-open-lightbox=\"yes\" data-elementor-lightbox-slideshow=\"38a5776\" data-elementor-lightbox-title=\"guesthouse00010\" data-e-action-hash=\"#elementor-action%3Aaction%3Dlightbox%26settings%3DeyJpZCI6NTA4LCJ1cmwiOiJodHRwczpcL1wvbWpvaWZqb3JkdXIuaXNcL3dwLWNvbnRlbnRcL3VwbG9hZHNcLzIwMjNcLzAzXC9ndWVzdGhvdXNlMDAwMTAuanBnIiwic2xpZGVzaG93IjoiMzhhNTc3NiJ9\" href=\"https:\/\/mjoifjordur.is\/wp-content\/uploads\/2023\/03\/guesthouse00010.jpg\"><figure class=\"swiper-slide-inner\"><img decoding=\"async\" class=\"swiper-slide-image\" src=\"https:\/\/mjoifjordur.is\/wp-content\/uploads\/elementor\/thumbs\/guesthouse00010-q3wanx88d19i7mahxdaamddwbrpi9gvn8l3fvf4fo8.jpg\" alt=\"guesthouse00010\" \/><\/figure><\/a><\/div>\t\t\t<\/div>\n\t\t\t\t\t\t\t\n\t\t\t\t\t\t\t\t\t<div class=\"swiper-pagination\"><\/div>\n\t\t\t\t\t\t\t\t\t<\/div>\n\t\t\t\t\t\t<\/div>\n\t\t\t\t\t<\/div>\n\t\t<\/div>\n\t\t\t\t\t<\/div>\n\t\t<\/section>\n\t\t\t\t<\/div>\n\t\t","protected":false},"excerpt":{"rendered":"<p>\u00cd S\u00f3lbrekku eru 5 herbergi (4x \u00feriggja manna herbergi og 1x fj\u00f6lskylduherbergi fyrir 6 manns), sameiginlegt eldh\u00fas og setustofa og \u00ferj\u00fa ba\u00f0herbergi me\u00f0 sturtu. \u00cd bo\u00f0i er svefnpokagisting e\u00f0a uppb\u00fain r\u00fam. Fr\u00ed nettenging er \u00ed bo\u00f0i fyrir gesti og notkun \u00e1 \u00fevottav\u00e9l og \u00feurrkara er innifalin \u00ed gistingu. Framan vi\u00f0 gistiheimili\u00f0 er gasgrill, \u00fatibekkir, bor\u00f0 [&hellip;]<\/p>\n","protected":false},"author":1,"featured_media":0,"parent":0,"menu_order":0,"comment_status":"closed","ping_status":"closed","template":"","meta":{"footnotes":""},"class_list":["post-581","page","type-page","status-publish","hentry"],"_links":{"self":[{"href":"https:\/\/mjoifjordur.is\/is\/wp-json\/wp\/v2\/pages\/581","targetHints":{"allow":["GET"]}}],"collection":[{"href":"https:\/\/mjoifjordur.is\/is\/wp-json\/wp\/v2\/pages"}],"about":[{"href":"https:\/\/mjoifjordur.is\/is\/wp-json\/wp\/v2\/types\/page"}],"author":[{"embeddable":true,"href":"https:\/\/mjoifjordur.is\/is\/wp-json\/wp\/v2\/users\/1"}],"replies":[{"embeddable":true,"href":"https:\/\/mjoifjordur.is\/is\/wp-json\/wp\/v2\/comments?post=581"}],"version-history":[{"count":1,"href":"https:\/\/mjoifjordur.is\/is\/wp-json\/wp\/v2\/pages\/581\/revisions"}],"predecessor-version":[{"id":582,"href":"https:\/\/mjoifjordur.is\/is\/wp-json\/wp\/v2\/pages\/581\/revisions\/582"}],"wp:attachment":[{"href":"https:\/\/mjoifjordur.is\/is\/wp-json\/wp\/v2\/media?parent=581"}],"curies":[{"name":"wp","href":"https:\/\/api.w.org\/{rel}","templated":true}]}}