{"id":576,"date":"2023-03-22T21:20:41","date_gmt":"2023-03-22T21:20:41","guid":{"rendered":"https:\/\/mjoifjordur.is\/tjaldsvaedi\/"},"modified":"2023-03-23T09:38:23","modified_gmt":"2023-03-23T09:38:23","slug":"tjaldsvaedi","status":"publish","type":"page","link":"https:\/\/mjoifjordur.is\/is\/tjaldsvaedi\/","title":{"rendered":"Tjaldsv\u00e6\u00f0i"},"content":{"rendered":"\t\t<div data-elementor-type=\"wp-page\" data-elementor-id=\"576\" class=\"elementor elementor-576 elementor-552\" data-elementor-post-type=\"page\">\n\t\t\t\t\t\t<section class=\"elementor-section elementor-top-section elementor-element elementor-element-208e8695 elementor-section-boxed elementor-section-height-default elementor-section-height-default\" data-id=\"208e8695\" data-element_type=\"section\" data-e-type=\"section\" data-settings=\"{&quot;background_background&quot;:&quot;classic&quot;}\">\n\t\t\t\t\t\t\t<div class=\"elementor-background-overlay\"><\/div>\n\t\t\t\t\t\t\t<div class=\"elementor-container elementor-column-gap-default\">\n\t\t\t\t\t<div class=\"elementor-column elementor-col-100 elementor-top-column elementor-element elementor-element-27637ee7\" data-id=\"27637ee7\" data-element_type=\"column\" data-e-type=\"column\">\n\t\t\t<div class=\"elementor-widget-wrap elementor-element-populated\">\n\t\t\t\t\t\t\t<\/div>\n\t\t<\/div>\n\t\t\t\t\t<\/div>\n\t\t<\/section>\n\t\t\t\t<section class=\"elementor-section elementor-top-section elementor-element elementor-element-9a9ffc elementor-section-content-top elementor-section-boxed elementor-section-height-default elementor-section-height-default\" data-id=\"9a9ffc\" data-element_type=\"section\" data-e-type=\"section\" data-settings=\"{&quot;background_background&quot;:&quot;classic&quot;}\">\n\t\t\t\t\t\t<div class=\"elementor-container elementor-column-gap-default\">\n\t\t\t\t\t<div class=\"elementor-column elementor-col-100 elementor-top-column elementor-element elementor-element-22f3eb80\" data-id=\"22f3eb80\" data-element_type=\"column\" data-e-type=\"column\">\n\t\t\t<div class=\"elementor-widget-wrap elementor-element-populated\">\n\t\t\t\t\t\t<div class=\"elementor-element elementor-element-5ea0470e elementor-invisible elementor-widget elementor-widget-text-editor\" data-id=\"5ea0470e\" data-element_type=\"widget\" data-e-type=\"widget\" data-settings=\"{&quot;_animation_delay&quot;:200,&quot;_animation&quot;:&quot;fadeInRight&quot;}\" data-widget_type=\"text-editor.default\">\n\t\t\t\t\t\t\t\t\t<p>Tjaldsv\u00e6\u00f0i\u00f0 er sta\u00f0sett \u00e1 grasfl\u00f6t fyrir framan og til hli\u00f0ar vi\u00f0 gistiheimili\u00f0 S\u00f3lbrekku.<\/p>\n<p>A\u00f0gangur a\u00f0 sturtum og salernum er \u00ed S\u00f3lbrekku allan s\u00f3larhringinn. Fr\u00ed nettenging \u00ed bo\u00f0i og a\u00f0gangur a\u00f0 heitu og k\u00f6ldu vatni. Eldunara\u00f0sta\u00f0a er ekki \u00ed bo\u00f0i fyrir gesti tjaldsv\u00e6\u00f0isins.<\/p>\n<p>Notkun \u00e1 \u00fevottav\u00e9l og \u00feurrkara og a\u00f0gangur a\u00f0 rafmagni fyrir h\u00fasb\u00edla er m\u00f6gulegt gegn gjaldi.<\/p>\n\t\t\t\t\t\t\t\t<\/div>\n\t\t\t\t\t<\/div>\n\t\t<\/div>\n\t\t\t\t\t<\/div>\n\t\t<\/section>\n\t\t\t\t<section class=\"elementor-section elementor-top-section elementor-element elementor-element-1f694abc elementor-section-boxed elementor-section-height-default elementor-section-height-default\" data-id=\"1f694abc\" data-element_type=\"section\" data-e-type=\"section\">\n\t\t\t\t\t\t<div class=\"elementor-container elementor-column-gap-default\">\n\t\t\t\t\t<div class=\"elementor-column elementor-col-100 elementor-top-column elementor-element elementor-element-6626d777\" data-id=\"6626d777\" data-element_type=\"column\" data-e-type=\"column\">\n\t\t\t<div class=\"elementor-widget-wrap elementor-element-populated\">\n\t\t\t\t\t\t\t<\/div>\n\t\t<\/div>\n\t\t\t\t\t<\/div>\n\t\t<\/section>\n\t\t\t\t<\/div>\n\t\t","protected":false},"excerpt":{"rendered":"<p>Tjaldsv\u00e6\u00f0i\u00f0 er sta\u00f0sett \u00e1 grasfl\u00f6t fyrir framan og til hli\u00f0ar vi\u00f0 gistiheimili\u00f0 S\u00f3lbrekku. A\u00f0gangur a\u00f0 sturtum og salernum er \u00ed S\u00f3lbrekku allan s\u00f3larhringinn. Fr\u00ed nettenging \u00ed bo\u00f0i og a\u00f0gangur a\u00f0 heitu og k\u00f6ldu vatni. Eldunara\u00f0sta\u00f0a er ekki \u00ed bo\u00f0i fyrir gesti tjaldsv\u00e6\u00f0isins. Notkun \u00e1 \u00fevottav\u00e9l og \u00feurrkara og a\u00f0gangur a\u00f0 rafmagni fyrir h\u00fasb\u00edla er m\u00f6gulegt [&hellip;]<\/p>\n","protected":false},"author":1,"featured_media":0,"parent":0,"menu_order":0,"comment_status":"closed","ping_status":"closed","template":"","meta":{"footnotes":""},"class_list":["post-576","page","type-page","status-publish","hentry"],"_links":{"self":[{"href":"https:\/\/mjoifjordur.is\/is\/wp-json\/wp\/v2\/pages\/576","targetHints":{"allow":["GET"]}}],"collection":[{"href":"https:\/\/mjoifjordur.is\/is\/wp-json\/wp\/v2\/pages"}],"about":[{"href":"https:\/\/mjoifjordur.is\/is\/wp-json\/wp\/v2\/types\/page"}],"author":[{"embeddable":true,"href":"https:\/\/mjoifjordur.is\/is\/wp-json\/wp\/v2\/users\/1"}],"replies":[{"embeddable":true,"href":"https:\/\/mjoifjordur.is\/is\/wp-json\/wp\/v2\/comments?post=576"}],"version-history":[{"count":1,"href":"https:\/\/mjoifjordur.is\/is\/wp-json\/wp\/v2\/pages\/576\/revisions"}],"predecessor-version":[{"id":577,"href":"https:\/\/mjoifjordur.is\/is\/wp-json\/wp\/v2\/pages\/576\/revisions\/577"}],"wp:attachment":[{"href":"https:\/\/mjoifjordur.is\/is\/wp-json\/wp\/v2\/media?parent=576"}],"curies":[{"name":"wp","href":"https:\/\/api.w.org\/{rel}","templated":true}]}}