{"id":567,"date":"2023-03-22T16:55:45","date_gmt":"2023-03-22T16:55:45","guid":{"rendered":"https:\/\/mjoifjordur.is\/bustadir\/"},"modified":"2023-03-23T09:28:13","modified_gmt":"2023-03-23T09:28:13","slug":"bustadir","status":"publish","type":"page","link":"https:\/\/mjoifjordur.is\/is\/bustadir\/","title":{"rendered":"B\u00fasta\u00f0ir"},"content":{"rendered":"<style>.elementor-567 .elementor-element.elementor-element-10b9095a > .elementor-container{max-width:1170px;}.elementor-567 .elementor-element.elementor-element-10b9095a:not(.elementor-motion-effects-element-type-background), .elementor-567 .elementor-element.elementor-element-10b9095a > .elementor-motion-effects-container > .elementor-motion-effects-layer{background-color:var( --e-global-color-primary );background-image:url(\"https:\/\/mjoifjordur.is\/wp-content\/uploads\/2023\/03\/cottages00014.jpg\");background-position:center center;background-repeat:no-repeat;background-size:cover;}.elementor-567 .elementor-element.elementor-element-10b9095a > .elementor-background-overlay{background-color:var( --e-global-color-primary );opacity:0.5;transition:background 0.3s, border-radius 0.3s, opacity 0.3s;}.elementor-567 .elementor-element.elementor-element-10b9095a{transition:background 0.3s, border 0.3s, border-radius 0.3s, box-shadow 0.3s;padding:120px 0px 140px 0px;z-index:0;}.elementor-567 .elementor-element.elementor-element-4e04a47f{text-align:center;}.elementor-567 .elementor-element.elementor-element-4e04a47f .elementor-heading-title{font-family:var( --e-global-typography-8faade7-font-family ), Sans-serif;font-size:var( --e-global-typography-8faade7-font-size );font-weight:var( --e-global-typography-8faade7-font-weight );font-style:var( --e-global-typography-8faade7-font-style );text-decoration:var( --e-global-typography-8faade7-text-decoration );line-height:var( --e-global-typography-8faade7-line-height );letter-spacing:var( --e-global-typography-8faade7-letter-spacing );word-spacing:var( --e-global-typography-8faade7-word-spacing );color:var( --e-global-color-e5c8540 );}.elementor-567 .elementor-element.elementor-element-180a172b > .elementor-container{max-width:1200px;}.elementor-567 .elementor-element.elementor-element-180a172b > .elementor-container > .elementor-column > .elementor-widget-wrap{align-content:flex-start;align-items:flex-start;}.elementor-567 .elementor-element.elementor-element-180a172b{transition:background 0.3s, border 0.3s, border-radius 0.3s, box-shadow 0.3s;padding:120px 0px 80px 0px;}.elementor-567 .elementor-element.elementor-element-180a172b > .elementor-background-overlay{transition:background 0.3s, border-radius 0.3s, opacity 0.3s;}.elementor-567 .elementor-element.elementor-element-2206fcdc > .elementor-element-populated{margin:0px 0px 0px 40px;--e-column-margin-right:0px;--e-column-margin-left:40px;}.elementor-567 .elementor-element.elementor-element-107acf12{font-family:var( --e-global-typography-text-font-family ), Sans-serif;font-size:var( --e-global-typography-text-font-size );font-weight:var( --e-global-typography-text-font-weight );text-transform:var( --e-global-typography-text-text-transform );font-style:var( --e-global-typography-text-font-style );text-decoration:var( --e-global-typography-text-text-decoration );line-height:var( --e-global-typography-text-line-height );letter-spacing:var( --e-global-typography-text-letter-spacing );color:var( --e-global-color-text );}.elementor-567 .elementor-element.elementor-element-1a2a9ec9 > .elementor-container{max-width:1200px;}.elementor-567 .elementor-element.elementor-element-1a2a9ec9{padding:0px 0px 80px 0px;}.elementor-567 .elementor-element.elementor-element-15e06b18{--e-image-carousel-slides-to-show:3;}.elementor-567 .elementor-element.elementor-element-15e06b18 .swiper-pagination-bullet{width:8px;height:8px;background:var( --e-global-color-accent );}.elementor-567 .elementor-element.elementor-element-15e06b18 .swiper-pagination-bullet:not(.swiper-pagination-bullet-active){background:var( --e-global-color-primary );opacity:var( --e-global-color-primary );}:root{--page-title-display:none;}@media(max-width:1024px) and (min-width:768px){.elementor-567 .elementor-element.elementor-element-2206fcdc{width:100%;}}@media(max-width:1024px){.elementor-567 .elementor-element.elementor-element-10b9095a:not(.elementor-motion-effects-element-type-background), .elementor-567 .elementor-element.elementor-element-10b9095a > .elementor-motion-effects-container > .elementor-motion-effects-layer{background-position:center center;}.elementor-567 .elementor-element.elementor-element-10b9095a{margin-top:0px;margin-bottom:0px;padding:100px 10px 120px 10px;}.elementor-567 .elementor-element.elementor-element-4e04a47f .elementor-heading-title{font-size:var( --e-global-typography-8faade7-font-size );line-height:var( --e-global-typography-8faade7-line-height );letter-spacing:var( --e-global-typography-8faade7-letter-spacing );word-spacing:var( --e-global-typography-8faade7-word-spacing );}.elementor-567 .elementor-element.elementor-element-180a172b{padding:60px 20px 60px 20px;}.elementor-567 .elementor-element.elementor-element-2206fcdc > .elementor-element-populated{margin:40px 0px 0px 0px;--e-column-margin-right:0px;--e-column-margin-left:0px;}.elementor-567 .elementor-element.elementor-element-107acf12{font-size:var( --e-global-typography-text-font-size );line-height:var( --e-global-typography-text-line-height );letter-spacing:var( --e-global-typography-text-letter-spacing );}.elementor-567 .elementor-element.elementor-element-1a2a9ec9{padding:0px 10px 0px 10px;}}@media(max-width:767px){.elementor-567 .elementor-element.elementor-element-10b9095a{margin-top:0px;margin-bottom:0px;padding:40px 10px 80px 10px;}.elementor-567 .elementor-element.elementor-element-4e04a47f .elementor-heading-title{font-size:var( --e-global-typography-8faade7-font-size );line-height:var( --e-global-typography-8faade7-line-height );letter-spacing:var( --e-global-typography-8faade7-letter-spacing );word-spacing:var( --e-global-typography-8faade7-word-spacing );}.elementor-567 .elementor-element.elementor-element-180a172b{padding:40px 20px 20px 20px;}.elementor-567 .elementor-element.elementor-element-2206fcdc > .elementor-element-populated{margin:20px 0px 0px 0px;--e-column-margin-right:0px;--e-column-margin-left:0px;padding:0px 0px 0px 0px;}.elementor-567 .elementor-element.elementor-element-107acf12{font-size:var( --e-global-typography-text-font-size );line-height:var( --e-global-typography-text-line-height );letter-spacing:var( --e-global-typography-text-letter-spacing );}}<\/style>\t\t<div data-elementor-type=\"wp-page\" data-elementor-id=\"567\" class=\"elementor elementor-567 elementor-515\" data-elementor-post-type=\"page\">\n\t\t\t\t\t\t<section class=\"elementor-section elementor-top-section elementor-element elementor-element-10b9095a elementor-section-boxed elementor-section-height-default elementor-section-height-default\" data-id=\"10b9095a\" data-element_type=\"section\" data-e-type=\"section\" data-settings=\"{&quot;background_background&quot;:&quot;classic&quot;}\">\n\t\t\t\t\t\t\t<div class=\"elementor-background-overlay\"><\/div>\n\t\t\t\t\t\t\t<div class=\"elementor-container elementor-column-gap-default\">\n\t\t\t\t\t<div class=\"elementor-column elementor-col-100 elementor-top-column elementor-element elementor-element-2ca21fd6\" data-id=\"2ca21fd6\" data-element_type=\"column\" data-e-type=\"column\">\n\t\t\t<div class=\"elementor-widget-wrap elementor-element-populated\">\n\t\t\t\t\t\t\t<\/div>\n\t\t<\/div>\n\t\t\t\t\t<\/div>\n\t\t<\/section>\n\t\t\t\t<section class=\"elementor-section elementor-top-section elementor-element elementor-element-180a172b elementor-section-content-top elementor-section-boxed elementor-section-height-default elementor-section-height-default\" data-id=\"180a172b\" data-element_type=\"section\" data-e-type=\"section\" data-settings=\"{&quot;background_background&quot;:&quot;classic&quot;}\">\n\t\t\t\t\t\t<div class=\"elementor-container elementor-column-gap-default\">\n\t\t\t\t\t<div class=\"elementor-column elementor-col-100 elementor-top-column elementor-element elementor-element-2206fcdc\" data-id=\"2206fcdc\" data-element_type=\"column\" data-e-type=\"column\">\n\t\t\t<div class=\"elementor-widget-wrap elementor-element-populated\">\n\t\t\t\t\t\t<div class=\"elementor-element elementor-element-107acf12 elementor-invisible elementor-widget elementor-widget-text-editor\" data-id=\"107acf12\" data-element_type=\"widget\" data-e-type=\"widget\" data-settings=\"{&quot;_animation_delay&quot;:200,&quot;_animation&quot;:&quot;fadeInRight&quot;}\" data-widget_type=\"text-editor.default\">\n\t\t\t\t\t\t\t\t\t<p>Tv\u00f6 sumarh\u00fas eru sta\u00f0sett \u00e1 Brekkubr\u00fan, r\u00e9tt fyrir ne\u00f0an h\u00fasi\u00f0 Brekku. \u00cd hvoru h\u00fasi er svefnpl\u00e1ss fyrir fj\u00f3ra, svefnherbergi me\u00f0 hj\u00f3nar\u00fami \u00e1 ne\u00f0ri h\u00e6\u00f0 auk svefnlofts me\u00f0 pl\u00e1ss fyrir tvo.<\/p>\n<p>\u00c1 ne\u00f0ri h\u00e6\u00f0 er fullb\u00fainn eldh\u00faskr\u00f3kur, eldh\u00fasbor\u00f0, svefns\u00f3fi og s\u00f3fabor\u00f0. Upp\u00e1b\u00fai\u00f0 r\u00fam er innifali\u00f0 \u00ed b\u00f3kun sem og handkl\u00e6\u00f0i. Fr\u00ed nettenging.<\/p>\n<p>Heitur pottur er \u00e1 ver\u00f6ndinni framan vi\u00f0 hvorn b\u00fasta\u00f0 fyrir sig, \u00fea\u00f0an er fallegt \u00fats\u00fdni yfir fj\u00f6r\u00f0inn.<\/p>\n\t\t\t\t\t\t\t\t<\/div>\n\t\t\t\t\t<\/div>\n\t\t<\/div>\n\t\t\t\t\t<\/div>\n\t\t<\/section>\n\t\t\t\t<section class=\"elementor-section elementor-top-section elementor-element elementor-element-1a2a9ec9 elementor-section-boxed elementor-section-height-default elementor-section-height-default\" data-id=\"1a2a9ec9\" data-element_type=\"section\" data-e-type=\"section\">\n\t\t\t\t\t\t<div class=\"elementor-container elementor-column-gap-default\">\n\t\t\t\t\t<div class=\"elementor-column elementor-col-100 elementor-top-column elementor-element elementor-element-34021bcf\" data-id=\"34021bcf\" data-element_type=\"column\" data-e-type=\"column\">\n\t\t\t<div class=\"elementor-widget-wrap elementor-element-populated\">\n\t\t\t\t\t\t<div class=\"elementor-element elementor-element-15e06b18 elementor-pagination-position-outside elementor-widget elementor-widget-image-carousel\" data-id=\"15e06b18\" data-element_type=\"widget\" data-e-type=\"widget\" data-settings=\"{&quot;slides_to_show&quot;:&quot;3&quot;,&quot;slides_to_scroll&quot;:&quot;1&quot;,&quot;navigation&quot;:&quot;dots&quot;,&quot;image_spacing_custom&quot;:{&quot;unit&quot;:&quot;px&quot;,&quot;size&quot;:40,&quot;sizes&quot;:[]},&quot;autoplay&quot;:&quot;yes&quot;,&quot;pause_on_hover&quot;:&quot;yes&quot;,&quot;pause_on_interaction&quot;:&quot;yes&quot;,&quot;autoplay_speed&quot;:5000,&quot;infinite&quot;:&quot;yes&quot;,&quot;speed&quot;:500,&quot;image_spacing_custom_tablet&quot;:{&quot;unit&quot;:&quot;px&quot;,&quot;size&quot;:&quot;&quot;,&quot;sizes&quot;:[]},&quot;image_spacing_custom_mobile&quot;:{&quot;unit&quot;:&quot;px&quot;,&quot;size&quot;:&quot;&quot;,&quot;sizes&quot;:[]}}\" data-widget_type=\"image-carousel.default\">\n\t\t\t\t\t\t\t<div class=\"elementor-image-carousel-wrapper swiper\" role=\"region\" aria-roledescription=\"carousel\" aria-label=\"Image Carousel\" dir=\"ltr\">\n\t\t\t<div class=\"elementor-image-carousel swiper-wrapper\" aria-live=\"off\">\n\t\t\t\t\t\t\t\t<div class=\"swiper-slide\" role=\"group\" aria-roledescription=\"slide\" aria-label=\"1 of 17\"><a data-elementor-open-lightbox=\"yes\" data-elementor-lightbox-slideshow=\"15e06b18\" data-elementor-lightbox-title=\"cottages00017\" data-e-action-hash=\"#elementor-action%3Aaction%3Dlightbox%26settings%3DeyJpZCI6NDM2LCJ1cmwiOiJodHRwczpcL1wvbWpvaWZqb3JkdXIuaXNcL3dwLWNvbnRlbnRcL3VwbG9hZHNcLzIwMjNcLzAzXC9jb3R0YWdlczAwMDE3LmpwZyIsInNsaWRlc2hvdyI6IjE1ZTA2YjE4In0%3D\" href=\"https:\/\/mjoifjordur.is\/wp-content\/uploads\/2023\/03\/cottages00017.jpg\"><figure class=\"swiper-slide-inner\"><img decoding=\"async\" class=\"swiper-slide-image\" src=\"https:\/\/mjoifjordur.is\/wp-content\/uploads\/elementor\/thumbs\/cottages00017-q3wakj17okm8ab7zqwgsm87z3ofsgtejfsabhg5m54.jpg\" alt=\"cottages00017\" \/><\/figure><\/a><\/div><div class=\"swiper-slide\" role=\"group\" aria-roledescription=\"slide\" aria-label=\"2 of 17\"><a data-elementor-open-lightbox=\"yes\" data-elementor-lightbox-slideshow=\"15e06b18\" data-elementor-lightbox-title=\"cottages00016\" data-e-action-hash=\"#elementor-action%3Aaction%3Dlightbox%26settings%3DeyJpZCI6NDM0LCJ1cmwiOiJodHRwczpcL1wvbWpvaWZqb3JkdXIuaXNcL3dwLWNvbnRlbnRcL3VwbG9hZHNcLzIwMjNcLzAzXC9jb3R0YWdlczAwMDE2LmpwZyIsInNsaWRlc2hvdyI6IjE1ZTA2YjE4In0%3D\" href=\"https:\/\/mjoifjordur.is\/wp-content\/uploads\/2023\/03\/cottages00016.jpg\"><figure class=\"swiper-slide-inner\"><img decoding=\"async\" class=\"swiper-slide-image\" src=\"https:\/\/mjoifjordur.is\/wp-content\/uploads\/elementor\/thumbs\/cottages00016-q3wakj17okm8ab7zqwgsm87z3ofsgtejfsabhg5m54.jpg\" alt=\"cottages00016\" \/><\/figure><\/a><\/div><div class=\"swiper-slide\" role=\"group\" aria-roledescription=\"slide\" aria-label=\"3 of 17\"><a data-elementor-open-lightbox=\"yes\" data-elementor-lightbox-slideshow=\"15e06b18\" data-elementor-lightbox-title=\"cottages00015\" data-e-action-hash=\"#elementor-action%3Aaction%3Dlightbox%26settings%3DeyJpZCI6NDMyLCJ1cmwiOiJodHRwczpcL1wvbWpvaWZqb3JkdXIuaXNcL3dwLWNvbnRlbnRcL3VwbG9hZHNcLzIwMjNcLzAzXC9jb3R0YWdlczAwMDE1LmpwZyIsInNsaWRlc2hvdyI6IjE1ZTA2YjE4In0%3D\" href=\"https:\/\/mjoifjordur.is\/wp-content\/uploads\/2023\/03\/cottages00015.jpg\"><figure class=\"swiper-slide-inner\"><img decoding=\"async\" class=\"swiper-slide-image\" src=\"https:\/\/mjoifjordur.is\/wp-content\/uploads\/elementor\/thumbs\/cottages00015-q3waki3dhqkxyp9cwe261qgiiakf94at3nmu0670bc.jpg\" alt=\"cottages00015\" \/><\/figure><\/a><\/div><div class=\"swiper-slide\" role=\"group\" aria-roledescription=\"slide\" aria-label=\"4 of 17\"><a data-elementor-open-lightbox=\"yes\" data-elementor-lightbox-slideshow=\"15e06b18\" data-elementor-lightbox-title=\"cottages00014\" data-e-action-hash=\"#elementor-action%3Aaction%3Dlightbox%26settings%3DeyJpZCI6NDMwLCJ1cmwiOiJodHRwczpcL1wvbWpvaWZqb3JkdXIuaXNcL3dwLWNvbnRlbnRcL3VwbG9hZHNcLzIwMjNcLzAzXC9jb3R0YWdlczAwMDE0LmpwZyIsInNsaWRlc2hvdyI6IjE1ZTA2YjE4In0%3D\" href=\"https:\/\/mjoifjordur.is\/wp-content\/uploads\/2023\/03\/cottages00014.jpg\"><figure class=\"swiper-slide-inner\"><img decoding=\"async\" class=\"swiper-slide-image\" src=\"https:\/\/mjoifjordur.is\/wp-content\/uploads\/elementor\/thumbs\/cottages00014-q3waki3dhqkxyp9cwe261qgiiakf94at3nmu0670bc.jpg\" alt=\"cottages00014\" \/><\/figure><\/a><\/div><div class=\"swiper-slide\" role=\"group\" aria-roledescription=\"slide\" aria-label=\"5 of 17\"><a data-elementor-open-lightbox=\"yes\" data-elementor-lightbox-slideshow=\"15e06b18\" data-elementor-lightbox-title=\"cottages00013\" data-e-action-hash=\"#elementor-action%3Aaction%3Dlightbox%26settings%3DeyJpZCI6NDI4LCJ1cmwiOiJodHRwczpcL1wvbWpvaWZqb3JkdXIuaXNcL3dwLWNvbnRlbnRcL3VwbG9hZHNcLzIwMjNcLzAzXC9jb3R0YWdlczAwMDEzLmpwZyIsInNsaWRlc2hvdyI6IjE1ZTA2YjE4In0%3D\" href=\"https:\/\/mjoifjordur.is\/wp-content\/uploads\/2023\/03\/cottages00013.jpg\"><figure class=\"swiper-slide-inner\"><img decoding=\"async\" class=\"swiper-slide-image\" src=\"https:\/\/mjoifjordur.is\/wp-content\/uploads\/elementor\/thumbs\/cottages00013-q3wakh5jawjnn3aq1vnjh8p1wwp21f72rizciw8ehk.jpg\" alt=\"cottages00013\" \/><\/figure><\/a><\/div><div class=\"swiper-slide\" role=\"group\" aria-roledescription=\"slide\" aria-label=\"6 of 17\"><a data-elementor-open-lightbox=\"yes\" data-elementor-lightbox-slideshow=\"15e06b18\" data-elementor-lightbox-title=\"cottages00012\" data-e-action-hash=\"#elementor-action%3Aaction%3Dlightbox%26settings%3DeyJpZCI6NDI2LCJ1cmwiOiJodHRwczpcL1wvbWpvaWZqb3JkdXIuaXNcL3dwLWNvbnRlbnRcL3VwbG9hZHNcLzIwMjNcLzAzXC9jb3R0YWdlczAwMDEyLmpwZyIsInNsaWRlc2hvdyI6IjE1ZTA2YjE4In0%3D\" href=\"https:\/\/mjoifjordur.is\/wp-content\/uploads\/2023\/03\/cottages00012.jpg\"><figure class=\"swiper-slide-inner\"><img decoding=\"async\" class=\"swiper-slide-image\" src=\"https:\/\/mjoifjordur.is\/wp-content\/uploads\/elementor\/thumbs\/cottages00012-q3wakh5jawjnn3aq1vnjh8p1wwp21f72rizciw8ehk.jpg\" alt=\"cottages00012\" \/><\/figure><\/a><\/div><div class=\"swiper-slide\" role=\"group\" aria-roledescription=\"slide\" aria-label=\"7 of 17\"><a data-elementor-open-lightbox=\"yes\" data-elementor-lightbox-slideshow=\"15e06b18\" data-elementor-lightbox-title=\"cottages00011\" data-e-action-hash=\"#elementor-action%3Aaction%3Dlightbox%26settings%3DeyJpZCI6NDI0LCJ1cmwiOiJodHRwczpcL1wvbWpvaWZqb3JkdXIuaXNcL3dwLWNvbnRlbnRcL3VwbG9hZHNcLzIwMjNcLzAzXC9jb3R0YWdlczAwMDExLmpwZyIsInNsaWRlc2hvdyI6IjE1ZTA2YjE4In0%3D\" href=\"https:\/\/mjoifjordur.is\/wp-content\/uploads\/2023\/03\/cottages00011.jpg\"><figure class=\"swiper-slide-inner\"><img decoding=\"async\" class=\"swiper-slide-image\" src=\"https:\/\/mjoifjordur.is\/wp-content\/uploads\/elementor\/thumbs\/cottages00011-q3wakg7p42idbhc37d8wwqxlbitotq3cfebv1m9sns.jpg\" alt=\"cottages00011\" \/><\/figure><\/a><\/div><div class=\"swiper-slide\" role=\"group\" aria-roledescription=\"slide\" aria-label=\"8 of 17\"><a data-elementor-open-lightbox=\"yes\" data-elementor-lightbox-slideshow=\"15e06b18\" data-elementor-lightbox-title=\"cottages00010\" data-e-action-hash=\"#elementor-action%3Aaction%3Dlightbox%26settings%3DeyJpZCI6NDIyLCJ1cmwiOiJodHRwczpcL1wvbWpvaWZqb3JkdXIuaXNcL3dwLWNvbnRlbnRcL3VwbG9hZHNcLzIwMjNcLzAzXC9jb3R0YWdlczAwMDEwLmpwZyIsInNsaWRlc2hvdyI6IjE1ZTA2YjE4In0%3D\" href=\"https:\/\/mjoifjordur.is\/wp-content\/uploads\/2023\/03\/cottages00010.jpg\"><figure class=\"swiper-slide-inner\"><img decoding=\"async\" class=\"swiper-slide-image\" src=\"https:\/\/mjoifjordur.is\/wp-content\/uploads\/elementor\/thumbs\/cottages00010-q3wakg7p42idbhc37d8wwqxlbitotq3cfebv1m9sns.jpg\" alt=\"cottages00010\" \/><\/figure><\/a><\/div><div class=\"swiper-slide\" role=\"group\" aria-roledescription=\"slide\" aria-label=\"9 of 17\"><a data-elementor-open-lightbox=\"yes\" data-elementor-lightbox-slideshow=\"15e06b18\" data-elementor-lightbox-title=\"cottages00009\" data-e-action-hash=\"#elementor-action%3Aaction%3Dlightbox%26settings%3DeyJpZCI6NDIwLCJ1cmwiOiJodHRwczpcL1wvbWpvaWZqb3JkdXIuaXNcL3dwLWNvbnRlbnRcL3VwbG9hZHNcLzIwMjNcLzAzXC9jb3R0YWdlczAwMDA5LmpwZyIsInNsaWRlc2hvdyI6IjE1ZTA2YjE4In0%3D\" href=\"https:\/\/mjoifjordur.is\/wp-content\/uploads\/2023\/03\/cottages00009.jpg\"><figure class=\"swiper-slide-inner\"><img decoding=\"async\" class=\"swiper-slide-image\" src=\"https:\/\/mjoifjordur.is\/wp-content\/uploads\/elementor\/thumbs\/cottages00009-q3wakf9ux8h2zvdgcuuac964q4ybm0zm39odkcb6u0.jpg\" alt=\"cottages00009\" \/><\/figure><\/a><\/div><div class=\"swiper-slide\" role=\"group\" aria-roledescription=\"slide\" aria-label=\"10 of 17\"><a data-elementor-open-lightbox=\"yes\" data-elementor-lightbox-slideshow=\"15e06b18\" data-elementor-lightbox-title=\"cottages00008\" data-e-action-hash=\"#elementor-action%3Aaction%3Dlightbox%26settings%3DeyJpZCI6NDE4LCJ1cmwiOiJodHRwczpcL1wvbWpvaWZqb3JkdXIuaXNcL3dwLWNvbnRlbnRcL3VwbG9hZHNcLzIwMjNcLzAzXC9jb3R0YWdlczAwMDA4LmpwZyIsInNsaWRlc2hvdyI6IjE1ZTA2YjE4In0%3D\" href=\"https:\/\/mjoifjordur.is\/wp-content\/uploads\/2023\/03\/cottages00008.jpg\"><figure class=\"swiper-slide-inner\"><img decoding=\"async\" class=\"swiper-slide-image\" src=\"https:\/\/mjoifjordur.is\/wp-content\/uploads\/elementor\/thumbs\/cottages00008-q3wakf9ux8h2zvdgcuuac964q4ybm0zm39odkcb6u0.jpg\" alt=\"cottages00008\" \/><\/figure><\/a><\/div><div class=\"swiper-slide\" role=\"group\" aria-roledescription=\"slide\" aria-label=\"11 of 17\"><a data-elementor-open-lightbox=\"yes\" data-elementor-lightbox-slideshow=\"15e06b18\" data-elementor-lightbox-title=\"cottages00007\" data-e-action-hash=\"#elementor-action%3Aaction%3Dlightbox%26settings%3DeyJpZCI6NDE2LCJ1cmwiOiJodHRwczpcL1wvbWpvaWZqb3JkdXIuaXNcL3dwLWNvbnRlbnRcL3VwbG9hZHNcLzIwMjNcLzAzXC9jb3R0YWdlczAwMDA3LmpwZyIsInNsaWRlc2hvdyI6IjE1ZTA2YjE4In0%3D\" href=\"https:\/\/mjoifjordur.is\/wp-content\/uploads\/2023\/03\/cottages00007.jpg\"><figure class=\"swiper-slide-inner\"><img decoding=\"async\" class=\"swiper-slide-image\" src=\"https:\/\/mjoifjordur.is\/wp-content\/uploads\/elementor\/thumbs\/cottages00007-q3wakec0qefso9eticfnrreo4r2yebvvr50w32cl08.jpg\" alt=\"cottages00007\" \/><\/figure><\/a><\/div><div class=\"swiper-slide\" role=\"group\" aria-roledescription=\"slide\" aria-label=\"12 of 17\"><a data-elementor-open-lightbox=\"yes\" data-elementor-lightbox-slideshow=\"15e06b18\" data-elementor-lightbox-title=\"cottages00006\" data-e-action-hash=\"#elementor-action%3Aaction%3Dlightbox%26settings%3DeyJpZCI6NDE0LCJ1cmwiOiJodHRwczpcL1wvbWpvaWZqb3JkdXIuaXNcL3dwLWNvbnRlbnRcL3VwbG9hZHNcLzIwMjNcLzAzXC9jb3R0YWdlczAwMDA2LmpwZyIsInNsaWRlc2hvdyI6IjE1ZTA2YjE4In0%3D\" href=\"https:\/\/mjoifjordur.is\/wp-content\/uploads\/2023\/03\/cottages00006.jpg\"><figure class=\"swiper-slide-inner\"><img decoding=\"async\" class=\"swiper-slide-image\" src=\"https:\/\/mjoifjordur.is\/wp-content\/uploads\/elementor\/thumbs\/cottages00006-q3wakde6jkeicng6nu1179n7jd7l6ms5f0delsdz6g.jpg\" alt=\"cottages00006\" \/><\/figure><\/a><\/div><div class=\"swiper-slide\" role=\"group\" aria-roledescription=\"slide\" aria-label=\"13 of 17\"><a data-elementor-open-lightbox=\"yes\" data-elementor-lightbox-slideshow=\"15e06b18\" data-elementor-lightbox-title=\"cottages00005\" data-e-action-hash=\"#elementor-action%3Aaction%3Dlightbox%26settings%3DeyJpZCI6NDEyLCJ1cmwiOiJodHRwczpcL1wvbWpvaWZqb3JkdXIuaXNcL3dwLWNvbnRlbnRcL3VwbG9hZHNcLzIwMjNcLzAzXC9jb3R0YWdlczAwMDA1LmpwZyIsInNsaWRlc2hvdyI6IjE1ZTA2YjE4In0%3D\" href=\"https:\/\/mjoifjordur.is\/wp-content\/uploads\/2023\/03\/cottages00005.jpg\"><figure class=\"swiper-slide-inner\"><img decoding=\"async\" class=\"swiper-slide-image\" src=\"https:\/\/mjoifjordur.is\/wp-content\/uploads\/elementor\/thumbs\/cottages00005-q3wakcgccqd811hjtbmemrvqxzc7yxof2vpx4ifdco.jpg\" alt=\"cottages00005\" \/><\/figure><\/a><\/div><div class=\"swiper-slide\" role=\"group\" aria-roledescription=\"slide\" aria-label=\"14 of 17\"><a data-elementor-open-lightbox=\"yes\" data-elementor-lightbox-slideshow=\"15e06b18\" data-elementor-lightbox-title=\"cottages00004\" data-e-action-hash=\"#elementor-action%3Aaction%3Dlightbox%26settings%3DeyJpZCI6NDEwLCJ1cmwiOiJodHRwczpcL1wvbWpvaWZqb3JkdXIuaXNcL3dwLWNvbnRlbnRcL3VwbG9hZHNcLzIwMjNcLzAzXC9jb3R0YWdlczAwMDA0LmpwZyIsInNsaWRlc2hvdyI6IjE1ZTA2YjE4In0%3D\" href=\"https:\/\/mjoifjordur.is\/wp-content\/uploads\/2023\/03\/cottages00004.jpg\"><figure class=\"swiper-slide-inner\"><img decoding=\"async\" class=\"swiper-slide-image\" src=\"https:\/\/mjoifjordur.is\/wp-content\/uploads\/elementor\/thumbs\/cottages00004-q3wakcgccqd811hjtbmemrvqxzc7yxof2vpx4ifdco.jpg\" alt=\"cottages00004\" \/><\/figure><\/a><\/div><div class=\"swiper-slide\" role=\"group\" aria-roledescription=\"slide\" aria-label=\"15 of 17\"><a data-elementor-open-lightbox=\"yes\" data-elementor-lightbox-slideshow=\"15e06b18\" data-elementor-lightbox-title=\"cottages00003\" data-e-action-hash=\"#elementor-action%3Aaction%3Dlightbox%26settings%3DeyJpZCI6NDA4LCJ1cmwiOiJodHRwczpcL1wvbWpvaWZqb3JkdXIuaXNcL3dwLWNvbnRlbnRcL3VwbG9hZHNcLzIwMjNcLzAzXC9jb3R0YWdlczAwMDAzLmpwZyIsInNsaWRlc2hvdyI6IjE1ZTA2YjE4In0%3D\" href=\"https:\/\/mjoifjordur.is\/wp-content\/uploads\/2023\/03\/cottages00003.jpg\"><figure class=\"swiper-slide-inner\"><img decoding=\"async\" class=\"swiper-slide-image\" src=\"https:\/\/mjoifjordur.is\/wp-content\/uploads\/elementor\/thumbs\/cottages00003-q3wakbii5wbxpfiwyt7s2a4aclgur8koqr2fn8griw.jpg\" alt=\"cottages00003\" \/><\/figure><\/a><\/div><div class=\"swiper-slide\" role=\"group\" aria-roledescription=\"slide\" aria-label=\"16 of 17\"><a data-elementor-open-lightbox=\"yes\" data-elementor-lightbox-slideshow=\"15e06b18\" data-elementor-lightbox-title=\"cottages00002\" data-e-action-hash=\"#elementor-action%3Aaction%3Dlightbox%26settings%3DeyJpZCI6NDA2LCJ1cmwiOiJodHRwczpcL1wvbWpvaWZqb3JkdXIuaXNcL3dwLWNvbnRlbnRcL3VwbG9hZHNcLzIwMjNcLzAzXC9jb3R0YWdlczAwMDAyLmpwZyIsInNsaWRlc2hvdyI6IjE1ZTA2YjE4In0%3D\" href=\"https:\/\/mjoifjordur.is\/wp-content\/uploads\/2023\/03\/cottages00002.jpg\"><figure class=\"swiper-slide-inner\"><img decoding=\"async\" class=\"swiper-slide-image\" src=\"https:\/\/mjoifjordur.is\/wp-content\/uploads\/elementor\/thumbs\/cottages00002-q3wakbii5wbxpfiwyt7s2a4aclgur8koqr2fn8griw.jpg\" alt=\"cottages00002\" \/><\/figure><\/a><\/div><div class=\"swiper-slide\" role=\"group\" aria-roledescription=\"slide\" aria-label=\"17 of 17\"><a data-elementor-open-lightbox=\"yes\" data-elementor-lightbox-slideshow=\"15e06b18\" data-elementor-lightbox-title=\"cottages00001\" data-e-action-hash=\"#elementor-action%3Aaction%3Dlightbox%26settings%3DeyJpZCI6NDA0LCJ1cmwiOiJodHRwczpcL1wvbWpvaWZqb3JkdXIuaXNcL3dwLWNvbnRlbnRcL3VwbG9hZHNcLzIwMjNcLzAzXC9jb3R0YWdlczAwMDAxLmpwZyIsInNsaWRlc2hvdyI6IjE1ZTA2YjE4In0%3D\" href=\"https:\/\/mjoifjordur.is\/wp-content\/uploads\/2023\/03\/cottages00001.jpg\"><figure class=\"swiper-slide-inner\"><img decoding=\"async\" class=\"swiper-slide-image\" src=\"https:\/\/mjoifjordur.is\/wp-content\/uploads\/elementor\/thumbs\/cottages00001-q3wakaknz2andtka4at5hsctr7lhjjgyemey5yi5p4.jpg\" alt=\"cottages00001\" \/><\/figure><\/a><\/div>\t\t\t<\/div>\n\t\t\t\t\t\t\t\n\t\t\t\t\t\t\t\t\t<div class=\"swiper-pagination\"><\/div>\n\t\t\t\t\t\t\t\t\t<\/div>\n\t\t\t\t\t\t<\/div>\n\t\t\t\t\t<\/div>\n\t\t<\/div>\n\t\t\t\t\t<\/div>\n\t\t<\/section>\n\t\t\t\t<\/div>\n\t\t","protected":false},"excerpt":{"rendered":"<p>Tv\u00f6 sumarh\u00fas eru sta\u00f0sett \u00e1 Brekkubr\u00fan, r\u00e9tt fyrir ne\u00f0an h\u00fasi\u00f0 Brekku. \u00cd hvoru h\u00fasi er svefnpl\u00e1ss fyrir fj\u00f3ra, svefnherbergi me\u00f0 hj\u00f3nar\u00fami \u00e1 ne\u00f0ri h\u00e6\u00f0 auk svefnlofts me\u00f0 pl\u00e1ss fyrir tvo. \u00c1 ne\u00f0ri h\u00e6\u00f0 er fullb\u00fainn eldh\u00faskr\u00f3kur, eldh\u00fasbor\u00f0, svefns\u00f3fi og s\u00f3fabor\u00f0. Upp\u00e1b\u00fai\u00f0 r\u00fam er innifali\u00f0 \u00ed b\u00f3kun sem og handkl\u00e6\u00f0i. Fr\u00ed nettenging. Heitur pottur er \u00e1 [&hellip;]<\/p>\n","protected":false},"author":1,"featured_media":0,"parent":0,"menu_order":0,"comment_status":"closed","ping_status":"closed","template":"","meta":{"footnotes":""},"class_list":["post-567","page","type-page","status-publish","hentry"],"_links":{"self":[{"href":"https:\/\/mjoifjordur.is\/is\/wp-json\/wp\/v2\/pages\/567","targetHints":{"allow":["GET"]}}],"collection":[{"href":"https:\/\/mjoifjordur.is\/is\/wp-json\/wp\/v2\/pages"}],"about":[{"href":"https:\/\/mjoifjordur.is\/is\/wp-json\/wp\/v2\/types\/page"}],"author":[{"embeddable":true,"href":"https:\/\/mjoifjordur.is\/is\/wp-json\/wp\/v2\/users\/1"}],"replies":[{"embeddable":true,"href":"https:\/\/mjoifjordur.is\/is\/wp-json\/wp\/v2\/comments?post=567"}],"version-history":[{"count":2,"href":"https:\/\/mjoifjordur.is\/is\/wp-json\/wp\/v2\/pages\/567\/revisions"}],"predecessor-version":[{"id":572,"href":"https:\/\/mjoifjordur.is\/is\/wp-json\/wp\/v2\/pages\/567\/revisions\/572"}],"wp:attachment":[{"href":"https:\/\/mjoifjordur.is\/is\/wp-json\/wp\/v2\/media?parent=567"}],"curies":[{"name":"wp","href":"https:\/\/api.w.org\/{rel}","templated":true}]}}