{"id":1016,"date":"2023-05-16T11:11:55","date_gmt":"2023-05-16T11:11:55","guid":{"rendered":"https:\/\/mjoifjordur.is\/bokadu-nuna-3\/"},"modified":"2023-05-17T07:34:11","modified_gmt":"2023-05-17T07:34:11","slug":"bokadu-nuna-3","status":"publish","type":"page","link":"https:\/\/mjoifjordur.is\/is\/bokadu-nuna-3\/","title":{"rendered":"B\u00f3ka\u00f0u n\u00fana"},"content":{"rendered":"<style>.elementor-1016 .elementor-element.elementor-element-75418c5{--display:flex;--flex-direction:row;--container-widget-width:initial;--container-widget-height:100%;--container-widget-flex-grow:1;--container-widget-align-self:stretch;--flex-wrap-mobile:wrap;--gap:0px 0px;--row-gap:0px;--column-gap:0px;}.elementor-1016 .elementor-element.elementor-element-3731527{--display:flex;--flex-direction:column;--container-widget-width:100%;--container-widget-height:initial;--container-widget-flex-grow:0;--container-widget-align-self:initial;--flex-wrap-mobile:wrap;}.elementor-1016 .elementor-element.elementor-element-0c3cd94{text-align:center;}.elementor-1016 .elementor-element.elementor-element-0c3cd94 .elementor-heading-title{font-family:var( --e-global-typography-8faade7-font-family ), Sans-serif;font-size:var( --e-global-typography-8faade7-font-size );font-weight:var( --e-global-typography-8faade7-font-weight );font-style:var( --e-global-typography-8faade7-font-style );text-decoration:var( --e-global-typography-8faade7-text-decoration );line-height:var( --e-global-typography-8faade7-line-height );letter-spacing:var( --e-global-typography-8faade7-letter-spacing );word-spacing:var( --e-global-typography-8faade7-word-spacing );color:var( --e-global-color-primary );}.elementor-1016 .elementor-element.elementor-element-1a8d2e1 .elementor-button{font-size:11px;border-style:solid;border-width:1px 1px 1px 1px;padding:18px 30px 18px 30px;}.elementor-1016 .elementor-element.elementor-element-1a8d2e1{padding:0px 0px 0px 0px;width:auto;max-width:auto;}.elementor-1016 .elementor-element.elementor-element-749b266{--display:flex;--flex-direction:column;--container-widget-width:100%;--container-widget-height:initial;--container-widget-flex-grow:0;--container-widget-align-self:initial;--flex-wrap-mobile:wrap;}.elementor-1016 .elementor-element.elementor-element-b36a18c{text-align:center;}.elementor-1016 .elementor-element.elementor-element-b36a18c .elementor-heading-title{font-family:var( --e-global-typography-8faade7-font-family ), Sans-serif;font-size:var( --e-global-typography-8faade7-font-size );font-weight:var( --e-global-typography-8faade7-font-weight );font-style:var( --e-global-typography-8faade7-font-style );text-decoration:var( --e-global-typography-8faade7-text-decoration );line-height:var( --e-global-typography-8faade7-line-height );letter-spacing:var( --e-global-typography-8faade7-letter-spacing );word-spacing:var( --e-global-typography-8faade7-word-spacing );color:var( --e-global-color-primary );}.elementor-1016 .elementor-element.elementor-element-3fc6eee .elementor-button{font-size:11px;border-style:solid;border-width:1px 1px 1px 1px;padding:18px 30px 18px 30px;}.elementor-1016 .elementor-element.elementor-element-3fc6eee{padding:0px 0px 0px 0px;width:auto;max-width:auto;}:root{--page-title-display:none;}@media(min-width:768px){.elementor-1016 .elementor-element.elementor-element-3731527{--width:50%;}.elementor-1016 .elementor-element.elementor-element-749b266{--width:50%;}}@media(max-width:1024px){.elementor-1016 .elementor-element.elementor-element-0c3cd94 .elementor-heading-title{font-size:var( --e-global-typography-8faade7-font-size );line-height:var( --e-global-typography-8faade7-line-height );letter-spacing:var( --e-global-typography-8faade7-letter-spacing );word-spacing:var( --e-global-typography-8faade7-word-spacing );}.elementor-1016 .elementor-element.elementor-element-b36a18c .elementor-heading-title{font-size:var( --e-global-typography-8faade7-font-size );line-height:var( --e-global-typography-8faade7-line-height );letter-spacing:var( --e-global-typography-8faade7-letter-spacing );word-spacing:var( --e-global-typography-8faade7-word-spacing );}}@media(max-width:767px){.elementor-1016 .elementor-element.elementor-element-0c3cd94 .elementor-heading-title{font-size:var( --e-global-typography-8faade7-font-size );line-height:var( --e-global-typography-8faade7-line-height );letter-spacing:var( --e-global-typography-8faade7-letter-spacing );word-spacing:var( --e-global-typography-8faade7-word-spacing );}.elementor-1016 .elementor-element.elementor-element-1a8d2e1 .elementor-button{font-size:11px;padding:10px 10px 10px 10px;}.elementor-1016 .elementor-element.elementor-element-1a8d2e1{padding:0px 0px 0px 10px;}.elementor-1016 .elementor-element.elementor-element-b36a18c .elementor-heading-title{font-size:var( --e-global-typography-8faade7-font-size );line-height:var( --e-global-typography-8faade7-line-height );letter-spacing:var( --e-global-typography-8faade7-letter-spacing );word-spacing:var( --e-global-typography-8faade7-word-spacing );}.elementor-1016 .elementor-element.elementor-element-3fc6eee .elementor-button{font-size:11px;padding:10px 10px 10px 10px;}.elementor-1016 .elementor-element.elementor-element-3fc6eee{padding:0px 0px 0px 10px;}}<\/style>\t\t<div data-elementor-type=\"wp-page\" data-elementor-id=\"1016\" class=\"elementor elementor-1016 elementor-995\" data-elementor-post-type=\"page\">\n\t\t\t\t<div class=\"elementor-element elementor-element-75418c5 e-flex e-con-boxed e-con e-parent\" data-id=\"75418c5\" data-element_type=\"container\" data-e-type=\"container\">\n\t\t\t\t\t<div class=\"e-con-inner\">\n\t\t<div class=\"elementor-element elementor-element-3731527 e-con-full e-flex e-con e-child\" data-id=\"3731527\" data-element_type=\"container\" data-e-type=\"container\" data-settings=\"{&quot;background_background&quot;:&quot;classic&quot;}\">\n\t\t\t\t<div class=\"elementor-element elementor-element-23200a5 elementor-widget elementor-widget-image\" data-id=\"23200a5\" data-element_type=\"widget\" data-e-type=\"widget\" data-widget_type=\"image.default\">\n\t\t\t\t\t\t\t\t\t\t\t\t\t\t\t<img fetchpriority=\"high\" decoding=\"async\" width=\"800\" height=\"533\" src=\"https:\/\/mjoifjordur.is\/wp-content\/uploads\/2023\/05\/guesthouse-1024x682.jpg\" class=\"elementor-animation-grow attachment-large size-large wp-image-1002\" alt=\"\" srcset=\"https:\/\/mjoifjordur.is\/wp-content\/uploads\/2023\/05\/guesthouse-1024x682.jpg 1024w, https:\/\/mjoifjordur.is\/wp-content\/uploads\/2023\/05\/guesthouse-300x200.jpg 300w, https:\/\/mjoifjordur.is\/wp-content\/uploads\/2023\/05\/guesthouse-768x512.jpg 768w, https:\/\/mjoifjordur.is\/wp-content\/uploads\/2023\/05\/guesthouse.jpg 1400w\" sizes=\"(max-width: 800px) 100vw, 800px\" \/>\t\t\t\t\t\t\t\t\t\t\t\t\t\t\t<\/div>\n\t\t\t\t<div class=\"elementor-element elementor-element-0c3cd94 elementor-widget elementor-widget-heading\" data-id=\"0c3cd94\" data-element_type=\"widget\" data-e-type=\"widget\" data-widget_type=\"heading.default\">\n\t\t\t\t\t<h2 class=\"elementor-heading-title elementor-size-default\">Solbrekka guesthouse<\/h2>\t\t\t\t<\/div>\n\t\t\t\t<div class=\"elementor-element elementor-element-1a8d2e1 elementor-align-center elementor-widget__width-auto elementor-widget elementor-widget-button\" data-id=\"1a8d2e1\" data-element_type=\"widget\" data-e-type=\"widget\" data-widget_type=\"button.default\">\n\t\t\t\t\t\t\t\t\t\t<a class=\"elementor-button elementor-button-link elementor-size-sm\" href=\"https:\/\/mjoifjordur.is\/is\/bokadu-nuna\/\">\n\t\t\t\t\t\t<span class=\"elementor-button-content-wrapper\">\n\t\t\t\t\t\t\t\t\t<span class=\"elementor-button-text\">B\u00f3ka\u00f0u n\u00fana<\/span>\n\t\t\t\t\t<\/span>\n\t\t\t\t\t<\/a>\n\t\t\t\t\t\t\t\t<\/div>\n\t\t\t\t<\/div>\n\t\t<div class=\"elementor-element elementor-element-749b266 e-con-full e-flex e-con e-child\" data-id=\"749b266\" data-element_type=\"container\" data-e-type=\"container\">\n\t\t\t\t<div class=\"elementor-element elementor-element-4234124 elementor-widget elementor-widget-image\" data-id=\"4234124\" data-element_type=\"widget\" data-e-type=\"widget\" data-widget_type=\"image.default\">\n\t\t\t\t\t\t\t\t\t\t\t\t\t\t\t<img decoding=\"async\" width=\"800\" height=\"533\" src=\"https:\/\/mjoifjordur.is\/wp-content\/uploads\/2023\/03\/cottages00014-1024x682.jpg\" class=\"elementor-animation-grow attachment-large size-large wp-image-430\" alt=\"\" srcset=\"https:\/\/mjoifjordur.is\/wp-content\/uploads\/2023\/03\/cottages00014-1024x682.jpg 1024w, https:\/\/mjoifjordur.is\/wp-content\/uploads\/2023\/03\/cottages00014-300x200.jpg 300w, https:\/\/mjoifjordur.is\/wp-content\/uploads\/2023\/03\/cottages00014-768x512.jpg 768w, https:\/\/mjoifjordur.is\/wp-content\/uploads\/2023\/03\/cottages00014.jpg 1400w\" sizes=\"(max-width: 800px) 100vw, 800px\" \/>\t\t\t\t\t\t\t\t\t\t\t\t\t\t\t<\/div>\n\t\t\t\t<div class=\"elementor-element elementor-element-b36a18c elementor-widget elementor-widget-heading\" data-id=\"b36a18c\" data-element_type=\"widget\" data-e-type=\"widget\" data-widget_type=\"heading.default\">\n\t\t\t\t\t<h2 class=\"elementor-heading-title elementor-size-default\">Solbrekka cottages<\/h2>\t\t\t\t<\/div>\n\t\t\t\t<div class=\"elementor-element elementor-element-3fc6eee elementor-align-center elementor-widget__width-auto elementor-widget elementor-widget-button\" data-id=\"3fc6eee\" data-element_type=\"widget\" data-e-type=\"widget\" data-widget_type=\"button.default\">\n\t\t\t\t\t\t\t\t\t\t<a class=\"elementor-button elementor-button-link elementor-size-sm\" href=\"https:\/\/mjoifjordur.is\/is\/bokadu-nuna-2\/\">\n\t\t\t\t\t\t<span class=\"elementor-button-content-wrapper\">\n\t\t\t\t\t\t\t\t\t<span class=\"elementor-button-text\">B\u00f3ka\u00f0u n\u00fana<\/span>\n\t\t\t\t\t<\/span>\n\t\t\t\t\t<\/a>\n\t\t\t\t\t\t\t\t<\/div>\n\t\t\t\t<\/div>\n\t\t\t\t\t<\/div>\n\t\t\t\t<\/div>\n\t\t\t\t<\/div>\n\t\t","protected":false},"excerpt":{"rendered":"<p>Solbrekka guesthouse B\u00f3ka\u00f0u n\u00fana Solbrekka cottages B\u00f3ka\u00f0u n\u00fana<\/p>\n","protected":false},"author":1,"featured_media":0,"parent":0,"menu_order":0,"comment_status":"closed","ping_status":"closed","template":"","meta":{"footnotes":""},"class_list":["post-1016","page","type-page","status-publish","hentry"],"_links":{"self":[{"href":"https:\/\/mjoifjordur.is\/is\/wp-json\/wp\/v2\/pages\/1016","targetHints":{"allow":["GET"]}}],"collection":[{"href":"https:\/\/mjoifjordur.is\/is\/wp-json\/wp\/v2\/pages"}],"about":[{"href":"https:\/\/mjoifjordur.is\/is\/wp-json\/wp\/v2\/types\/page"}],"author":[{"embeddable":true,"href":"https:\/\/mjoifjordur.is\/is\/wp-json\/wp\/v2\/users\/1"}],"replies":[{"embeddable":true,"href":"https:\/\/mjoifjordur.is\/is\/wp-json\/wp\/v2\/comments?post=1016"}],"version-history":[{"count":5,"href":"https:\/\/mjoifjordur.is\/is\/wp-json\/wp\/v2\/pages\/1016\/revisions"}],"predecessor-version":[{"id":1038,"href":"https:\/\/mjoifjordur.is\/is\/wp-json\/wp\/v2\/pages\/1016\/revisions\/1038"}],"wp:attachment":[{"href":"https:\/\/mjoifjordur.is\/is\/wp-json\/wp\/v2\/media?parent=1016"}],"curies":[{"name":"wp","href":"https:\/\/api.w.org\/{rel}","templated":true}]}}