{"id":1013,"date":"2023-05-16T11:03:58","date_gmt":"2023-05-16T11:03:58","guid":{"rendered":"https:\/\/mjoifjordur.is\/bokadu-nuna-2\/"},"modified":"2025-02-14T15:07:59","modified_gmt":"2025-02-14T15:07:59","slug":"bokadu-nuna-2","status":"publish","type":"page","link":"https:\/\/mjoifjordur.is\/is\/bokadu-nuna-2\/","title":{"rendered":"B\u00f3ka\u00f0u n\u00fana \u2013 Solbrekka cottages"},"content":{"rendered":"<style>.elementor-1013 .elementor-element.elementor-element-29627a61 > .elementor-container{max-width:1170px;}.elementor-1013 .elementor-element.elementor-element-29627a61:not(.elementor-motion-effects-element-type-background), .elementor-1013 .elementor-element.elementor-element-29627a61 > .elementor-motion-effects-container > .elementor-motion-effects-layer{background-color:var( --e-global-color-primary );background-image:url(\"https:\/\/mjoifjordur.is\/wp-content\/uploads\/2023\/03\/cottages00004.jpg\");background-position:center center;background-repeat:no-repeat;background-size:cover;}.elementor-1013 .elementor-element.elementor-element-29627a61 > .elementor-background-overlay{background-color:var( --e-global-color-primary );opacity:0.5;transition:background 0.3s, border-radius 0.3s, opacity 0.3s;}.elementor-1013 .elementor-element.elementor-element-29627a61{transition:background 0.3s, border 0.3s, border-radius 0.3s, box-shadow 0.3s;padding:120px 0px 140px 0px;z-index:0;}.elementor-1013 .elementor-element.elementor-element-56424cdb{text-align:center;}.elementor-1013 .elementor-element.elementor-element-56424cdb .elementor-heading-title{font-family:var( --e-global-typography-8faade7-font-family ), Sans-serif;font-size:var( --e-global-typography-8faade7-font-size );font-weight:var( --e-global-typography-8faade7-font-weight );font-style:var( --e-global-typography-8faade7-font-style );text-decoration:var( --e-global-typography-8faade7-text-decoration );line-height:var( --e-global-typography-8faade7-line-height );letter-spacing:var( --e-global-typography-8faade7-letter-spacing );word-spacing:var( --e-global-typography-8faade7-word-spacing );color:var( --e-global-color-e5c8540 );}.elementor-1013 .elementor-element.elementor-element-687a2706{--display:flex;--margin-top:0px;--margin-bottom:0px;--margin-left:0px;--margin-right:0px;--padding-top:0px;--padding-bottom:0px;--padding-left:0px;--padding-right:0px;}:root{--page-title-display:none;}@media(max-width:1024px){.elementor-1013 .elementor-element.elementor-element-29627a61:not(.elementor-motion-effects-element-type-background), .elementor-1013 .elementor-element.elementor-element-29627a61 > .elementor-motion-effects-container > .elementor-motion-effects-layer{background-position:center center;}.elementor-1013 .elementor-element.elementor-element-29627a61{margin-top:0px;margin-bottom:0px;padding:100px 10px 120px 10px;}.elementor-1013 .elementor-element.elementor-element-56424cdb .elementor-heading-title{font-size:var( --e-global-typography-8faade7-font-size );line-height:var( --e-global-typography-8faade7-line-height );letter-spacing:var( --e-global-typography-8faade7-letter-spacing );word-spacing:var( --e-global-typography-8faade7-word-spacing );}}@media(max-width:767px){.elementor-1013 .elementor-element.elementor-element-29627a61{margin-top:0px;margin-bottom:0px;padding:40px 10px 80px 10px;}.elementor-1013 .elementor-element.elementor-element-56424cdb .elementor-heading-title{font-size:var( --e-global-typography-8faade7-font-size );line-height:var( --e-global-typography-8faade7-line-height );letter-spacing:var( --e-global-typography-8faade7-letter-spacing );word-spacing:var( --e-global-typography-8faade7-word-spacing );}}<\/style>\t\t<div data-elementor-type=\"wp-page\" data-elementor-id=\"1013\" class=\"elementor elementor-1013 elementor-986\" data-elementor-post-type=\"page\">\n\t\t\t\t\t\t<section class=\"elementor-section elementor-top-section elementor-element elementor-element-29627a61 elementor-section-boxed elementor-section-height-default elementor-section-height-default\" data-id=\"29627a61\" data-element_type=\"section\" data-e-type=\"section\" data-settings=\"{&quot;background_background&quot;:&quot;classic&quot;}\">\n\t\t\t\t\t\t\t<div class=\"elementor-background-overlay\"><\/div>\n\t\t\t\t\t\t\t<div class=\"elementor-container elementor-column-gap-default\">\n\t\t\t\t\t<div class=\"elementor-column elementor-col-100 elementor-top-column elementor-element elementor-element-67776799\" data-id=\"67776799\" data-element_type=\"column\" data-e-type=\"column\">\n\t\t\t<div class=\"elementor-widget-wrap elementor-element-populated\">\n\t\t\t\t\t\t<div class=\"elementor-element elementor-element-56424cdb elementor-widget elementor-widget-heading\" data-id=\"56424cdb\" data-element_type=\"widget\" data-e-type=\"widget\" data-widget_type=\"heading.default\">\n\t\t\t\t\t<h2 class=\"elementor-heading-title elementor-size-default\">B\u00f3ka\u00f0u n\u00fana<br>Solbrekka cottages<\/h2>\t\t\t\t<\/div>\n\t\t\t\t\t<\/div>\n\t\t<\/div>\n\t\t\t\t\t<\/div>\n\t\t<\/section>\n\t\t<div class=\"elementor-element elementor-element-687a2706 e-con-full e-flex e-con e-parent\" data-id=\"687a2706\" data-element_type=\"container\" data-e-type=\"container\">\n\t\t\t\t<div class=\"elementor-element elementor-element-6d54bfbd elementor-widget elementor-widget-html\" data-id=\"6d54bfbd\" data-element_type=\"widget\" data-e-type=\"widget\" data-widget_type=\"html.default\">\n\t\t\t\t\t<iframe src =\"https:\/\/property.godo.is\/booking2.php?propid=65552&referer=iframe\" width=\"800\" height=\"1400\" style=\"max-width:100%;border:none;overflow:auto;\"><p><a href=\"https:\/\/property.godo.is\/booking2.php?propid=65552&referer=iframe\" title=\"B\u00f3ka\u00f0u n\u00fana\">B\u00f3ka\u00f0u n\u00fana<\/a><\/p><\/iframe>\t\t\t\t<\/div>\n\t\t\t\t<\/div>\n\t\t\t\t<\/div>\n\t\t","protected":false},"excerpt":{"rendered":"<p>B\u00f3ka\u00f0u n\u00fanaSolbrekka cottages B\u00f3ka\u00f0u n\u00fana<\/p>\n","protected":false},"author":1,"featured_media":0,"parent":0,"menu_order":0,"comment_status":"closed","ping_status":"closed","template":"","meta":{"footnotes":""},"class_list":["post-1013","page","type-page","status-publish","hentry"],"_links":{"self":[{"href":"https:\/\/mjoifjordur.is\/is\/wp-json\/wp\/v2\/pages\/1013","targetHints":{"allow":["GET"]}}],"collection":[{"href":"https:\/\/mjoifjordur.is\/is\/wp-json\/wp\/v2\/pages"}],"about":[{"href":"https:\/\/mjoifjordur.is\/is\/wp-json\/wp\/v2\/types\/page"}],"author":[{"embeddable":true,"href":"https:\/\/mjoifjordur.is\/is\/wp-json\/wp\/v2\/users\/1"}],"replies":[{"embeddable":true,"href":"https:\/\/mjoifjordur.is\/is\/wp-json\/wp\/v2\/comments?post=1013"}],"version-history":[{"count":5,"href":"https:\/\/mjoifjordur.is\/is\/wp-json\/wp\/v2\/pages\/1013\/revisions"}],"predecessor-version":[{"id":1186,"href":"https:\/\/mjoifjordur.is\/is\/wp-json\/wp\/v2\/pages\/1013\/revisions\/1186"}],"wp:attachment":[{"href":"https:\/\/mjoifjordur.is\/is\/wp-json\/wp\/v2\/media?parent=1013"}],"curies":[{"name":"wp","href":"https:\/\/api.w.org\/{rel}","templated":true}]}}